{"id":189,"date":"2026-03-27T15:33:20","date_gmt":"2026-03-27T14:33:20","guid":{"rendered":"https:\/\/surfershome.ch\/?page_id=189"},"modified":"2026-04-20T15:49:55","modified_gmt":"2026-04-20T13:49:55","slug":"horizon_loft","status":"publish","type":"page","link":"https:\/\/surfershome.ch\/de\/horizon_loft\/","title":{"rendered":"Horizon Loft"},"content":{"rendered":"<div id=\"cs-content\" class=\"cs-content\"><div class=\"x-section e189-e1 m59-0 m59-1\"><div class=\"x-div x-container max width e189-e2 m59-9 m59-a m59-b m59-c m59-d\"><div class=\"x-row e189-e3 m59-p m59-q m59-r m59-v m59-w\"><div class=\"x-row-inner\"><div class=\"x-col e189-e4 m59-11 m59-12\"><div class=\"x-text x-text-headline e189-e5 m59-1a m59-1b m59-1c m59-1d m59-1e\"><div class=\"x-text-content\"><div class=\"x-text-content-text\">\n<h1 class=\"x-text-content-text-primary\">Surfers Horizon Loft<\/h1><\/div><\/div><\/div><div data-x-element-text-type=\"{&quot;strings&quot;:[&quot;Balkon mit Panorama&quot;,&quot;Ruhig &amp;amp; sonnig gelegen&quot;,&quot;Raum zum Durchatmen&quot;],&quot;type_speed&quot;:5,&quot;back_speed&quot;:5,&quot;start_delay&quot;:0,&quot;back_delay&quot;:4000,&quot;loop&quot;:true,&quot;show_cursor&quot;:false,&quot;cursor&quot;:&quot;|&quot;}\" class=\"x-text x-text-headline e189-e6 m59-1a m59-1b m59-1c m59-1d m59-1f\"><div class=\"x-text-content\"><div class=\"x-text-content-text\">\n<h2 class=\"x-text-content-text-primary\"><span class=\"x-text-typing\"><\/span>&nbsp;<\/h2><\/div><\/div><\/div><\/div><div class=\"x-col e189-e7 m59-11 m59-13 m59-14\"><span class=\"x-image e189-e8 m59-1m m59-1n m59-5 m59-6 x-effect-exit\" data-x-effect=\"{&quot;scroll&quot;:true,&quot;offsetTop&quot;:&quot;10%&quot;,&quot;offsetBottom&quot;:&quot;10%&quot;,&quot;behaviorScroll&quot;:&quot;fire-once&quot;}\"><img decoding=\"async\" src=\"https:\/\/surfershome.ch\/wp-content\/uploads\/2026\/04\/horizon-loft.webp\" width=\"450\" height=\"450\" alt=\"Horizon Loft\" loading=\"lazy\"><\/span><\/div><\/div><\/div><\/div><\/div><div class=\"x-section e189-e9 m59-0 m59-2 m59-3\"><div class=\"x-row x-container max width e189-e10 m59-p m59-q m59-s m59-t m59-v m59-x\"><div class=\"x-row-inner\"><div class=\"x-col e189-e11 m59-11 m59-12\"><div class=\"x-div e189-e12 m59-9 m59-a m59-b m59-c m59-e m59-f\" data-x-slide-context=\"\"><div class=\"x-div e189-e13 m59-9 m59-a m59-c m59-d m59-g m59-h\"><div class=\"x-slide-container-viewport is-loading e189-e14 m59-1p\" data-x-slide-container=\"{&quot;keyboardNavigation&quot;:true,&quot;snap&quot;:true,&quot;wrapAround&quot;:true,&quot;int&quot;:&quot;drag off&quot;,&quot;direction&quot;:&quot;forward&quot;,&quot;startingSlide&quot;:1}\"><div class=\"x-slide-container-content\"><div class=\"x-slide-container is-inline is-paged\"><div class=\"x-slide e189-e15 m59-1q\" data-x-slide=\"\"><span class=\"x-image e189-e16 m59-1m m59-1o\"><img decoding=\"async\" src=\"https:\/\/surfershome.ch\/wp-content\/uploads\/2026\/03\/05d8519e-8181-4d-BfS3a-2.jpeg\" width=\"600\" height=\"450\" alt=\"Placeholder Image\" loading=\"lazy\"><\/span><\/div><div class=\"x-slide e189-e17 m59-1q\" data-x-slide=\"\"><span class=\"x-image e189-e18 m59-1m m59-1o\"><img decoding=\"async\" src=\"https:\/\/surfershome.ch\/wp-content\/uploads\/2026\/03\/623545e6-1d3f-4d-VJwS9-2.jpeg\" width=\"600\" height=\"450\" alt=\"Placeholder Image\" loading=\"lazy\"><\/span><\/div><div class=\"x-slide e189-e19 m59-1q\" data-x-slide=\"\"><span class=\"x-image e189-e20 m59-1m m59-1o\"><img decoding=\"async\" src=\"https:\/\/surfershome.ch\/wp-content\/uploads\/2026\/03\/39fddad5-bad8-4e-eNyOC-2.jpeg\" width=\"600\" height=\"450\" alt=\"Placeholder Image\" loading=\"lazy\"><\/span><\/div><\/div><\/div><\/div><div class=\"x-div e189-e21 m59-9 m59-c m59-f m59-g m59-i m59-j m59-k m59-l m59-7\"><a class=\"x-div e189-e22 m59-9 m59-a m59-b m59-c m59-d m59-i m59-l m59-m m59-n\" href=\"#prev\" data-x-effect-provider=\"colors particles effects\" data-x-slide-prev=\"\"><i class=\"x-icon e189-e23 m59-1r m59-1s\" aria-hidden=\"true\" data-x-icon-o=\"&#xf104;\"><\/i><\/a><a class=\"x-div e189-e24 m59-9 m59-a m59-b m59-c m59-d m59-i m59-l m59-m m59-n\" href=\"#next\" data-x-effect-provider=\"colors particles effects\" data-x-slide-next=\"\"><i class=\"x-icon e189-e25 m59-1r m59-1t\" aria-hidden=\"true\" data-x-icon-o=\"&#xf105;\"><\/i><\/a><\/div><\/div><ul class=\"x-slide-pagination is-row e189-e26 m59-1u\" data-x-slide-pagination=\"\"><\/ul><\/div><\/div><div class=\"x-col e189-e27 m59-11 m59-12 m59-15 m59-16 m59-17\"><div class=\"x-text x-text-headline e189-e28 m59-1a m59-1b m59-1c m59-1d m59-1e m59-1g\"><div class=\"x-text-content\"><div class=\"x-text-content-text\">\n<h3 class=\"x-text-content-text-primary\">Balkon & Bergpanorama<\/h3><\/div><\/div><\/div><div class=\"x-text x-content e189-e29 m59-1v\"><p class=\"p1\">\ud83d\udc68\u200d\ud83d\udc69\u200d\ud83d\udc67\u200d\ud83d\udc66 f\u00fcr bis zu 4 Personen<\/p>\n<p class=\"p1\">\ud83c\udf04 Balkon mit Blick auf Eiger &amp; Bergwelt<br \/>\n\ud83c\udfe1 Maisonette \u00fcber zwei Etagen<br \/>\n\ud83c\udf3f Ruhige Lage oberhalb von Grindelwald<br \/>\n\u2600\ufe0f Viel Tageslicht &amp; freie Aussicht<br \/>\n\ud83d\ude97 Parkplatz direkt beim Chalet (Sommer)<\/p><\/div><a class=\"x-anchor x-anchor-button has-graphic e189-e30 m59-1w m59-1x m59-8\" tabindex=\"0\" href=\"https:\/\/surfershome.guestybookings.com\/en\/properties\/68983a5b24704b001a1123c1?minOccupancy=1\" target=\"_blank\" rel=\"noopener noreferrer\" data-x-effect=\"{&quot;durationBase&quot;:&quot;300ms&quot;}\"><div class=\"x-anchor-content\"><span class=\"x-graphic\" aria-hidden=\"true\"><i class=\"x-icon x-graphic-child x-graphic-icon x-graphic-primary\" aria-hidden=\"true\" data-x-icon-o=\"&#xf061;\"><\/i><\/span><div class=\"x-anchor-text\"><span class=\"x-anchor-text-primary\">Verf&uuml;gbarkeit pr&uuml;fen<\/span><\/div><\/div><\/a><\/div><\/div><\/div><\/div><div class=\"x-section e189-e31 m59-0 m59-2 m59-4\"><div class=\"x-row x-container max width e189-e32 m59-p m59-q m59-s m59-t m59-v m59-y\"><div class=\"x-row-inner\"><div class=\"x-col e189-e33 m59-11 m59-12 m59-15 m59-16 m59-17\"><div class=\"x-text x-text-headline e189-e34 m59-1a m59-1b m59-1c m59-1d m59-1e m59-1g\"><div class=\"x-text-content\"><div class=\"x-text-content-text\">\n<h3 class=\"x-text-content-text-primary\">Einfach ankommen & durchatmen\u2026<\/h3><\/div><\/div><\/div><div class=\"x-text x-content e189-e35 m59-1v\"><p class=\"p1\">Das <span class=\"s1\"><b>Surfers Horizon Loft<\/b><\/span> liegt oberhalb von Grindelwald in besonders ruhiger Lage und bietet dir einen beeindruckenden Blick auf die umliegende Bergwelt.<\/p>\n<p class=\"p1\">Die gem\u00fctliche Maisonette \u00fcber zwei Etagen schafft viel Raum und eine warme, alpine Atmosph\u00e4re \u2013 ideal, um nach einem aktiven Tag in den Bergen zur Ruhe zu kommen.<\/p><\/div><div class=\"x-text x-text-headline e189-e36 m59-1a m59-1b m59-1c m59-1d m59-1e m59-1g\"><div class=\"x-text-content\"><div class=\"x-text-content-text\">\n<h3 class=\"x-text-content-text-primary\">\u2026zu jeder Jahreszeit<\/h3><\/div><\/div><\/div><div class=\"x-text x-content e189-e37 m59-1v\"><p class=\"p1\"><span class=\"s1\">\u2600\ufe0f <\/span><b>Sommer<\/b><b><\/b><\/p>\n<p class=\"p2\">Baden im Thunersee, Pool direkt vor der T\u00fcr und Ausfl\u00fcge nach Interlaken, Lauterbrunnen und Grindelwald.<\/p>\n<p class=\"p1\"><span class=\"s1\">\u2744\ufe0f <\/span><b>Winter<\/b><b><\/b><\/p>\n<p class=\"p2\">Skigebiete, Winterwanderungen und gem\u00fctliche Abende \u2013 alles gut erreichbar.<\/p><\/div><\/div><div class=\"x-col e189-e38 m59-11 m59-14 m59-15 m59-18 m59-6 x-effect-exit\" data-x-effect=\"{&quot;scroll&quot;:true,&quot;offsetTop&quot;:&quot;10%&quot;,&quot;offsetBottom&quot;:&quot;10%&quot;,&quot;behaviorScroll&quot;:&quot;fire-once&quot;}\"><div class=\"x-bg\" aria-hidden=\"true\"><div class=\"x-bg-layer-lower-image\" data-x-element-bg-layer=\"{&quot;parallaxSize&quot;:&quot;111%&quot;,&quot;parallaxDir&quot;:&quot;v&quot;,&quot;parallaxRev&quot;:false}\"><\/div><div class=\"x-bg-layer-upper-color\"><\/div><\/div><div class=\"x-div e189-e39 m59-9 m59-a m59-b m59-d m59-i m59-k m59-m m59-o\"><div class=\"x-row e189-e40 m59-p m59-s m59-u m59-z\"><div class=\"x-row-inner\"><div class=\"x-col e189-e41 m59-11 m59-12\"><div class=\"x-text x-text-headline e189-e42 m59-1a m59-1b m59-1c m59-1d m59-1e m59-1g\"><div class=\"x-text-content\"><div class=\"x-text-content-text\">\n<h3 class=\"x-text-content-text-primary\">Das erwartet dich<\/h3><\/div><\/div><\/div><div class=\"x-text x-content e189-e43 m59-1v\"><p class=\"p1\">\ud83c\udf04 Balkon mit See- &amp; Bergblick<br \/>\n\ud83d\udecf\ufe0f Schlafzimmer mit Doppelbett<br \/>\n\ud83d\udecb\ufe0f Schlafsofa f\u00fcr 1\u20132 Personen<br \/>\n\ud83c\udf73 K\u00fcchenzeile \u2013 ausgestattet &amp; bereit<\/p><\/div><div class=\"x-text x-text-headline e189-e44 m59-1a m59-1b m59-1c m59-1d m59-1e m59-1g\"><div class=\"x-text-content\"><div class=\"x-text-content-text\">\n<h3 class=\"x-text-content-text-primary\">Deine Vorteile \u2728<\/h3><\/div><\/div><\/div><\/div><\/div><\/div><div class=\"x-text x-text-headline has-graphic e189-e46 m59-1c m59-1d m59-1h m59-1j m59-1k\"><div class=\"x-text-content\"><span class=\"x-graphic\" aria-hidden=\"true\"><i class=\"x-icon x-graphic-child x-graphic-icon x-graphic-primary\" aria-hidden=\"true\" data-x-icon-o=\"&#xf00c;\"><\/i><\/span><div class=\"x-text-content-text\"><p class=\"x-text-content-text-primary\">Check-in ab 16:00 Uhr \u2013 flexibel per Self Check-in<\/p>\n<\/div><\/div><\/div><div class=\"x-text x-text-headline has-graphic e189-e47 m59-1c m59-1d m59-1h m59-1j m59-1k\"><div class=\"x-text-content\"><span class=\"x-graphic\" aria-hidden=\"true\"><i class=\"x-icon x-graphic-child x-graphic-icon x-graphic-primary\" aria-hidden=\"true\" data-x-icon-o=\"&#xf00c;\"><\/i><\/span><div class=\"x-text-content-text\"><p class=\"x-text-content-text-primary\">Zeitunabh\u00e4ngige Anreise<\/p>\n<\/div><\/div><\/div><div class=\"x-text x-text-headline has-graphic e189-e48 m59-1c m59-1d m59-1h m59-1j m59-1k\"><div class=\"x-text-content\"><span class=\"x-graphic\" aria-hidden=\"true\"><i class=\"x-icon x-graphic-child x-graphic-icon x-graphic-primary\" aria-hidden=\"true\" data-x-icon-o=\"&#xf00c;\"><\/i><\/span><div class=\"x-text-content-text\"><p class=\"x-text-content-text-primary\">Kostenloser Parkplatz direkt beim Haus<\/p>\n<\/div><\/div><\/div><div class=\"x-text x-text-headline has-graphic e189-e49 m59-1c m59-1d m59-1h m59-1j m59-1k\"><div class=\"x-text-content\"><span class=\"x-graphic\" aria-hidden=\"true\"><i class=\"x-icon x-graphic-child x-graphic-icon x-graphic-primary\" aria-hidden=\"true\" data-x-icon-o=\"&#xf00c;\"><\/i><\/span><div class=\"x-text-content-text\"><p class=\"x-text-content-text-primary\">Frische Handt&uuml;cher &amp; Bettw&auml;sche inklusive<\/p>\n<\/div><\/div><\/div><div class=\"x-text x-text-headline has-graphic e189-e50 m59-1c m59-1d m59-1h m59-1j m59-1k\"><div class=\"x-text-content\"><span class=\"x-graphic\" aria-hidden=\"true\"><i class=\"x-icon x-graphic-child x-graphic-icon x-graphic-primary\" aria-hidden=\"true\" data-x-icon-o=\"&#xf00c;\"><\/i><\/span><div class=\"x-text-content-text\"><p class=\"x-text-content-text-primary\">Bester Preis bei direkter Buchung<\/p>\n<\/div><\/div><\/div><a class=\"x-anchor x-anchor-button has-graphic e189-e51 m59-1x m59-1y m59-8\" tabindex=\"0\" href=\"https:\/\/surfershome.guestybookings.com\/en\/properties\/68983a5b24704b001a1123c1?minOccupancy=1\" target=\"_blank\" rel=\"noopener noreferrer\" data-x-effect=\"{&quot;durationBase&quot;:&quot;300ms&quot;}\"><div class=\"x-anchor-content\"><span class=\"x-graphic\" aria-hidden=\"true\"><i class=\"x-icon x-graphic-child x-graphic-icon x-graphic-primary\" aria-hidden=\"true\" data-x-icon-o=\"&#xf061;\"><\/i><\/span><div class=\"x-anchor-text\"><span class=\"x-anchor-text-primary\">Jetzt buchen<\/span><\/div><\/div><\/a><\/div><\/div><\/div><\/div><\/div><div class=\"x-section e189-e52 m59-0 m59-2 m59-3\"><div class=\"x-row x-container max width e189-e53 m59-p m59-q m59-s m59-t m59-v m59-10\"><div class=\"x-row-inner\"><div class=\"x-col e189-e54 m59-11 m59-12 m59-15 m59-17 m59-19\"><div class=\"x-text x-text-headline e189-e55 m59-1a m59-1c m59-1d m59-1e m59-1k m59-1l\"><div class=\"x-text-content\"><div class=\"x-text-content-text\">\n<h3 class=\"x-text-content-text-primary\">Video folgt bald..<\/h3><\/div><\/div><\/div><div class=\"x-frame x-frame-video-embed e189-e56 m59-1z m59-20\"><div class=\"x-frame-inner\"><div class=\"x-video x-video-embed\"><img loading=\"lazy\" decoding=\"async\" style=\"object-fit: cover; width: 100%; height: 100%;\" src=\"data:image\/svg+xml;base64,PHN2ZyB4bWxucz0naHR0cDovL3d3dy53My5vcmcvMjAwMC9zdmcnIHdpZHRoPScxcHgnIGhlaWdodD0nMXB4JyB2aWV3Qm94PScwIDAgMSAxJyB2ZXJzaW9uPScxLjEnPjxyZWN0IGZpbGw9J3JnYmEoMCwgMCwgMCwgMC4zNSknIHg9JzAnIHk9JzAnIHdpZHRoPScxJyBoZWlnaHQ9JzEnPjwvcmVjdD48L3N2Zz4=\" width=\"1\" height=\"1\" alt=\"Placeholder\"><\/div><\/div><\/div><\/div><div class=\"x-col e189-e57 m59-11 m59-12 m59-15 m59-16 m59-17\"><div class=\"x-text x-text-headline e189-e58 m59-1a m59-1c m59-1d m59-1e m59-1k m59-1l\"><div class=\"x-text-content\"><div class=\"x-text-content-text\">\n<h3 class=\"x-text-content-text-primary\">Neue Fotos auch...<\/h3><\/div><\/div><\/div><div class=\"x-frame x-frame-video-embed e189-e59 m59-1z m59-20\"><div class=\"x-frame-inner\"><div class=\"x-video x-video-embed\"><img loading=\"lazy\" decoding=\"async\" style=\"object-fit: cover; width: 100%; height: 100%;\" src=\"data:image\/svg+xml;base64,PHN2ZyB4bWxucz0naHR0cDovL3d3dy53My5vcmcvMjAwMC9zdmcnIHdpZHRoPScxcHgnIGhlaWdodD0nMXB4JyB2aWV3Qm94PScwIDAgMSAxJyB2ZXJzaW9uPScxLjEnPjxyZWN0IGZpbGw9J3JnYmEoMCwgMCwgMCwgMC4zNSknIHg9JzAnIHk9JzAnIHdpZHRoPScxJyBoZWlnaHQ9JzEnPjwvcmVjdD48L3N2Zz4=\" width=\"1\" height=\"1\" alt=\"Placeholder\"><\/div><\/div><\/div><\/div><\/div><\/div><\/div><\/div>","protected":false},"excerpt":{"rendered":"<p>Surfers Horizon Loft &nbsp; Balkon &#038; Bergpanorama\ud83d\udc68\u200d\ud83d\udc69\u200d\ud83d\udc67\u200d\ud83d\udc66 f\u00fcr bis zu 4 Personen \ud83c\udf04 Balkon mit Blick auf Eiger &amp; Bergwelt \ud83c\udfe1 Maisonette \u00fcber zwei Etagen \ud83c\udf3f Ruhige Lage oberhalb von Grindelwald \u2600\ufe0f Viel Tageslicht &amp; freie Aussicht \ud83d\ude97 Parkplatz direkt beim Chalet (Sommer)Verf&uuml;gbarkeit pr&uuml;fen Einfach ankommen &#038; durchatmen\u2026Das Surfers Horizon Loft liegt oberhalb von Grindelwald in besonders ruhiger Lage und &#8230; <\/p>\n<div><a href=\"https:\/\/surfershome.ch\/de\/horizon_loft\/\" class=\"more-link\">Read More<\/a><\/div>\n","protected":false},"author":2,"featured_media":0,"parent":0,"menu_order":0,"comment_status":"closed","ping_status":"closed","template":"template-blank-4.php","meta":{"iawp_total_views":15,"footnotes":""},"class_list":["post-189","page","type-page","status-publish","hentry","no-post-thumbnail"],"_links":{"self":[{"href":"https:\/\/surfershome.ch\/de\/wp-json\/wp\/v2\/pages\/189","targetHints":{"allow":["GET"]}}],"collection":[{"href":"https:\/\/surfershome.ch\/de\/wp-json\/wp\/v2\/pages"}],"about":[{"href":"https:\/\/surfershome.ch\/de\/wp-json\/wp\/v2\/types\/page"}],"author":[{"embeddable":true,"href":"https:\/\/surfershome.ch\/de\/wp-json\/wp\/v2\/users\/2"}],"replies":[{"embeddable":true,"href":"https:\/\/surfershome.ch\/de\/wp-json\/wp\/v2\/comments?post=189"}],"version-history":[{"count":1,"href":"https:\/\/surfershome.ch\/de\/wp-json\/wp\/v2\/pages\/189\/revisions"}],"predecessor-version":[{"id":511,"href":"https:\/\/surfershome.ch\/de\/wp-json\/wp\/v2\/pages\/189\/revisions\/511"}],"wp:attachment":[{"href":"https:\/\/surfershome.ch\/de\/wp-json\/wp\/v2\/media?parent=189"}],"curies":[{"name":"wp","href":"https:\/\/api.w.org\/{rel}","templated":true}]}}