{"id":297,"date":"2026-04-14T17:25:34","date_gmt":"2026-04-14T15:25:34","guid":{"rendered":"https:\/\/surfershome.ch\/?page_id=297"},"modified":"2026-04-21T17:29:13","modified_gmt":"2026-04-21T15:29:13","slug":"team","status":"publish","type":"page","link":"https:\/\/surfershome.ch\/de\/team\/","title":{"rendered":"unser Team"},"content":{"rendered":"<div id=\"cs-content\" class=\"cs-content\"><div class=\"x-section e297-e1 m89-0 m89-1\"><div class=\"x-div x-container max width e297-e2 m89-7 m89-8 m89-9 m89-a m89-b\"><div class=\"x-row e297-e3 m89-o m89-p m89-q m89-u m89-v\"><div class=\"x-row-inner\"><div class=\"x-col e297-e4 m89-11 m89-12\"><div class=\"x-text x-text-headline e297-e5 m89-19 m89-1a m89-1b m89-1c m89-1d m89-1e m89-1f\"><div class=\"x-text-content\"><div class=\"x-text-content-text\">\n<h1 class=\"x-text-content-text-primary\">Unser Team<\/h1><\/div><\/div><\/div><div data-x-element-text-type=\"{&quot;strings&quot;:[&quot;ist herzlich.&quot;,&quot;freut sich auf deinen Aufenthalt.&quot;,&quot;liebt, was es tut.&quot;],&quot;type_speed&quot;:5,&quot;back_speed&quot;:5,&quot;start_delay&quot;:0,&quot;back_delay&quot;:4000,&quot;loop&quot;:true,&quot;show_cursor&quot;:false,&quot;cursor&quot;:&quot;|&quot;}\" class=\"x-text x-text-headline e297-e6 m89-19 m89-1a m89-1b m89-1c m89-1d m89-1e m89-1g\"><div class=\"x-text-content\"><div class=\"x-text-content-text\">\n<h2 class=\"x-text-content-text-primary\"><span class=\"x-text-typing\"><\/span>&nbsp;<\/h2><\/div><\/div><\/div><\/div><div class=\"x-col e297-e7 m89-11 m89-13 m89-14\"><span class=\"x-image e297-e8 m89-1m m89-4 x-effect-exit\" data-x-effect=\"{&quot;scroll&quot;:true,&quot;offsetTop&quot;:&quot;10%&quot;,&quot;offsetBottom&quot;:&quot;10%&quot;,&quot;behaviorScroll&quot;:&quot;fire-once&quot;}\"><img decoding=\"async\" src=\"https:\/\/surfershome.ch\/wp-content\/uploads\/2026\/04\/nicole_stefan_sofa.png\" width=\"512\" height=\"512\" alt=\"Image\" loading=\"lazy\"><\/span><\/div><\/div><\/div><\/div><\/div><div class=\"x-section e297-e9 m89-0 m89-2 m89-3\"><div class=\"x-row x-container max width e297-e10 m89-o m89-p m89-r m89-s m89-u m89-w\"><div class=\"x-row-inner\"><div class=\"x-col e297-e11 m89-11 m89-12\"><div class=\"x-div e297-e12 m89-7 m89-8 m89-9 m89-a m89-c m89-d\" data-x-slide-context=\"\"><div class=\"x-div e297-e13 m89-7 m89-8 m89-a m89-b m89-e m89-f\"><div class=\"x-slide-container-viewport is-loading e297-e14 m89-1o\" data-x-slide-container=\"{&quot;keyboardNavigation&quot;:true,&quot;snap&quot;:true,&quot;wrapAround&quot;:true,&quot;int&quot;:&quot;drag off&quot;,&quot;direction&quot;:&quot;forward&quot;,&quot;startingSlide&quot;:1}\"><div class=\"x-slide-container-content\"><div class=\"x-slide-container is-inline is-paged\"><div class=\"x-slide e297-e15 m89-1p\" data-x-slide=\"\"><span class=\"x-image e297-e16 m89-1m m89-1n\"><img decoding=\"async\" src=\"https:\/\/surfershome.ch\/wp-content\/uploads\/2026\/04\/resonus-immobilien-web-278.jpg\" width=\"1000\" height=\"562\" alt=\"Placeholder Image\" loading=\"lazy\"><\/span><\/div><div class=\"x-slide e297-e17 m89-1p\" data-x-slide=\"\"><span class=\"x-image e297-e18 m89-1m m89-1n\"><img decoding=\"async\" src=\"https:\/\/surfershome.ch\/wp-content\/uploads\/2026\/04\/resonus-immobilien-web-238.jpg\" width=\"1000\" height=\"562\" alt=\"Placeholder Image\" loading=\"lazy\"><\/span><\/div><div class=\"x-slide e297-e19 m89-1p\" data-x-slide=\"\"><span class=\"x-image e297-e20 m89-1m m89-1n\"><img decoding=\"async\" src=\"https:\/\/surfershome.ch\/wp-content\/uploads\/2026\/04\/resonus-immobilien-web-099.jpg\" width=\"1000\" height=\"562\" alt=\"Placeholder Image\" loading=\"lazy\"><\/span><\/div><\/div><\/div><\/div><div class=\"x-div e297-e21 m89-7 m89-a m89-d m89-e m89-g m89-h m89-i m89-j m89-k m89-5\"><a class=\"x-div e297-e22 m89-7 m89-8 m89-9 m89-a m89-b m89-g m89-j m89-l m89-m\" href=\"#prev\" data-x-effect-provider=\"colors particles effects\" data-x-slide-prev=\"\"><i class=\"x-icon e297-e23 m89-1q m89-1r\" aria-hidden=\"true\" data-x-icon-o=\"&#xf104;\"><\/i><\/a><a class=\"x-div e297-e24 m89-7 m89-8 m89-9 m89-a m89-b m89-g m89-j m89-l m89-m\" href=\"#next\" data-x-effect-provider=\"colors particles effects\" data-x-slide-next=\"\"><i class=\"x-icon e297-e25 m89-1q m89-1s\" aria-hidden=\"true\" data-x-icon-o=\"&#xf105;\"><\/i><\/a><\/div><\/div><ul class=\"x-slide-pagination is-row e297-e26 m89-1t\" data-x-slide-pagination=\"\"><\/ul><\/div><\/div><div class=\"x-col e297-e27 m89-11 m89-12 m89-15 m89-16\"><div class=\"x-text x-text-headline e297-e28 m89-19 m89-1a m89-1b m89-1c m89-1d m89-1e m89-1f m89-1h\"><div class=\"x-text-content\"><div class=\"x-text-content-text\">\n<h3 class=\"x-text-content-text-primary\">Warum wir?<\/h3><\/div><\/div><\/div><div class=\"x-text x-content e297-e29 m89-1u\"><p class=\"p1\">Weil wir selbst Gastgeber:innen sind \u2013 und genau wissen, worauf es ankommt.<\/p>\n<p class=\"p1\">Wir denken mit, handeln verl\u00e4sslich und kommunizieren freundlich und professionell. Ob Reinigung, Schl\u00fcssel\u00fcbergabe oder G\u00e4stefragen: <span class=\"s1\"><b>Deine Wohnung ist bei uns in guten H\u00e4nden.<\/b><\/span><\/p><\/div><div class=\"x-anchor x-anchor-button has-graphic e297-e30 m89-1v m89-1w m89-6\" tabindex=\"0\" data-x-effect=\"{&quot;durationBase&quot;:&quot;300ms&quot;}\"><div class=\"x-anchor-content\"><span class=\"x-graphic\" aria-hidden=\"true\"><i class=\"x-icon x-graphic-child x-graphic-icon x-graphic-primary\" aria-hidden=\"true\" data-x-icon-o=\"&#xf061;\"><\/i><\/span><div class=\"x-anchor-text\"><span class=\"x-anchor-text-primary\">Kontakt aufnehmen<\/span><\/div><\/div><\/div><\/div><\/div><\/div><\/div><div class=\"x-section e297-e31 m89-0 m89-2\"><div class=\"x-row x-container max width e297-e32 m89-o m89-p m89-r m89-s m89-u m89-x\"><div class=\"x-row-inner\"><div class=\"x-col e297-e33 m89-11 m89-14 m89-15 m89-17 m89-18 m89-4 x-effect-exit\" data-x-effect=\"{&quot;scroll&quot;:true,&quot;offsetTop&quot;:&quot;10%&quot;,&quot;offsetBottom&quot;:&quot;10%&quot;,&quot;behaviorScroll&quot;:&quot;fire-once&quot;}\"><div class=\"x-div e297-e34 m89-7 m89-8 m89-9 m89-b m89-g m89-i m89-l m89-n\"><div class=\"x-row e297-e35 m89-o m89-r m89-t m89-y m89-z\"><div class=\"x-row-inner\"><div class=\"x-col e297-e36 m89-11 m89-12\"><div class=\"x-text x-text-headline e297-e37 m89-1a m89-1b m89-1d m89-1e m89-1f m89-1i\"><div class=\"x-text-content\"><div class=\"x-text-content-text\">\n<h2 class=\"x-text-content-text-primary\">Reinigung<\/h2><\/div><\/div><\/div><div class=\"x-text x-text-headline e297-e38 m89-1a m89-1b m89-1c m89-1j m89-1k\"><div class=\"x-text-content\"><div class=\"x-text-content-text\"><h3 class=\"x-text-content-text-primary\">ab CHF 45.\u2013 pro Stunde oder Pauschal<\/h3>\n<\/div><\/div><\/div><\/div><\/div><\/div><div class=\"x-text x-text-headline has-graphic e297-e39 m89-1b m89-1c m89-1e m89-1j m89-1l\"><div class=\"x-text-content\"><span class=\"x-graphic\" aria-hidden=\"true\"><i class=\"x-icon x-graphic-child x-graphic-icon x-graphic-primary\" aria-hidden=\"true\" data-x-icon-o=\"&#xf00c;\"><\/i><\/span><div class=\"x-text-content-text\"><p class=\"x-text-content-text-primary\">Gr\u00fcndlich, flexibel und g\u00e4steorientiert<\/p>\n<\/div><\/div><\/div><div class=\"x-text x-text-headline has-graphic e297-e40 m89-1b m89-1c m89-1e m89-1j m89-1l\"><div class=\"x-text-content\"><span class=\"x-graphic\" aria-hidden=\"true\"><i class=\"x-icon x-graphic-child x-graphic-icon x-graphic-primary\" aria-hidden=\"true\" data-x-icon-o=\"&#xf00c;\"><\/i><\/span><div class=\"x-text-content-text\"><p class=\"x-text-content-text-primary\">Wir reinigen so, wie wir es selbst erwarten w&uuml;rden.<\/p>\n<\/div><\/div><\/div><div class=\"x-text x-text-headline has-graphic e297-e41 m89-1b m89-1c m89-1e m89-1j m89-1l\"><div class=\"x-text-content\"><span class=\"x-graphic\" aria-hidden=\"true\"><i class=\"x-icon x-graphic-child x-graphic-icon x-graphic-primary\" aria-hidden=\"true\" data-x-icon-o=\"&#xf00c;\"><\/i><\/span><div class=\"x-text-content-text\"><p class=\"x-text-content-text-primary\">Ferienabl&ouml;sung inklusive.<\/p>\n<\/div><\/div><\/div><div class=\"x-text x-content e297-e42 m89-1u\">F\u00fcr Ferienwohnungen in D\u00e4rligen, Interlaken, Matten &amp; Umgebung<\/div><a class=\"x-anchor x-anchor-button has-graphic e297-e43 m89-1w m89-1x m89-6\" tabindex=\"0\" href=\"mailto:info@surfershome.ch?subject=Offerte Reinigung\" data-x-effect=\"{&quot;durationBase&quot;:&quot;300ms&quot;}\"><div class=\"x-anchor-content\"><span class=\"x-graphic\" aria-hidden=\"true\"><i class=\"x-icon x-graphic-child x-graphic-icon x-graphic-primary\" aria-hidden=\"true\" data-x-icon-o=\"&#xf061;\"><\/i><\/span><div class=\"x-anchor-text\"><span class=\"x-anchor-text-primary\">Offerte anfordern<\/span><\/div><\/div><\/a><\/div><\/div><div class=\"x-col e297-e44 m89-11 m89-14 m89-15 m89-17 m89-4 x-effect-exit\" data-x-effect=\"{&quot;scroll&quot;:true,&quot;offsetTop&quot;:&quot;10%&quot;,&quot;offsetBottom&quot;:&quot;10%&quot;,&quot;behaviorScroll&quot;:&quot;fire-once&quot;}\"><div class=\"x-div e297-e45 m89-7 m89-8 m89-9 m89-b m89-g m89-i m89-j m89-k m89-l m89-n\"><div class=\"x-row e297-e46 m89-o m89-r m89-t m89-y m89-10\"><div class=\"x-row-inner\"><div class=\"x-col e297-e47 m89-11 m89-12\"><div class=\"x-text x-text-headline e297-e48 m89-1a m89-1b m89-1d m89-1e m89-1f m89-1i\"><div class=\"x-text-content\"><div class=\"x-text-content-text\">\n<h2 class=\"x-text-content-text-primary\">Management & G\u00e4stekommunikation<\/h2><\/div><\/div><\/div><div class=\"x-text x-text-headline e297-e49 m89-1a m89-1b m89-1c m89-1j m89-1k\"><div class=\"x-text-content\"><div class=\"x-text-content-text\"><h3 class=\"x-text-content-text-primary\">ab CHF 1000.\u2013 pro Monat<\/h3>\n<\/div><\/div><\/div><\/div><\/div><\/div><div class=\"x-text x-text-headline has-graphic e297-e50 m89-1b m89-1c m89-1e m89-1j m89-1l\"><div class=\"x-text-content\"><span class=\"x-graphic\" aria-hidden=\"true\"><i class=\"x-icon x-graphic-child x-graphic-icon x-graphic-primary\" aria-hidden=\"true\" data-x-icon-o=\"&#xf00c;\"><\/i><\/span><div class=\"x-text-content-text\"><p class=\"x-text-content-text-primary\"><strong>Herzlichkeit<\/strong> gegen&uuml;ber den G&auml;sten ist die halbe Miete<\/p>\n<\/div><\/div><\/div><div class=\"x-text x-text-headline has-graphic e297-e51 m89-1b m89-1c m89-1e m89-1j m89-1l\"><div class=\"x-text-content\"><span class=\"x-graphic\" aria-hidden=\"true\"><i class=\"x-icon x-graphic-child x-graphic-icon x-graphic-primary\" aria-hidden=\"true\" data-x-icon-o=\"&#xf00c;\"><\/i><\/span><div class=\"x-text-content-text\"><p class=\"x-text-content-text-primary\">Automation wo sinnvoll (KI-gest&uuml;tzt)<\/p>\n<\/div><\/div><\/div><div class=\"x-text x-text-headline has-graphic e297-e52 m89-1b m89-1c m89-1e m89-1j m89-1l\"><div class=\"x-text-content\"><span class=\"x-graphic\" aria-hidden=\"true\"><i class=\"x-icon x-graphic-child x-graphic-icon x-graphic-primary\" aria-hidden=\"true\" data-x-icon-o=\"&#xf00c;\"><\/i><\/span><div class=\"x-text-content-text\"><p class=\"x-text-content-text-primary\"><strong>Dynamische Preisstrategie<\/strong><\/p>\n<\/div><\/div><\/div><div class=\"x-text x-text-headline has-graphic e297-e53 m89-1b m89-1c m89-1e m89-1j m89-1l\"><div class=\"x-text-content\"><span class=\"x-graphic\" aria-hidden=\"true\"><i class=\"x-icon x-graphic-child x-graphic-icon x-graphic-primary\" aria-hidden=\"true\" data-x-icon-o=\"&#xf00c;\"><\/i><\/span><div class=\"x-text-content-text\"><p class=\"x-text-content-text-primary\">Software: <strong>guesty.com<\/strong> &ndash; eine der weltweit f&uuml;hrenden Software f&uuml;r Kurzzeitvermietung<\/p>\n<\/div><\/div><\/div><div class=\"x-text x-content e297-e54 m89-1u\"><span>Vom ersten Kontakt bis zum Check-out \u2013 wir \u00fcbernehmen professionell, mehrsprachig und herzlich.<\/span><\/div><a class=\"x-anchor x-anchor-button has-graphic e297-e55 m89-1w m89-1x m89-6\" tabindex=\"0\" href=\"mailto:info@surfershome.ch?subject=Offerte Reinigung\" data-x-effect=\"{&quot;durationBase&quot;:&quot;300ms&quot;}\"><div class=\"x-anchor-content\"><span class=\"x-graphic\" aria-hidden=\"true\"><i class=\"x-icon x-graphic-child x-graphic-icon x-graphic-primary\" aria-hidden=\"true\" data-x-icon-o=\"&#xf061;\"><\/i><\/span><div class=\"x-anchor-text\"><span class=\"x-anchor-text-primary\">Offerte anfordern<\/span><\/div><\/div><\/a><\/div><\/div><\/div><\/div><\/div><\/div>","protected":false},"excerpt":{"rendered":"<p>Unser Team &nbsp; Warum wir?Weil wir selbst Gastgeber:innen sind \u2013 und genau wissen, worauf es ankommt. Wir denken mit, handeln verl\u00e4sslich und kommunizieren freundlich und professionell. Ob Reinigung, Schl\u00fcssel\u00fcbergabe oder G\u00e4stefragen: Deine Wohnung ist bei uns in guten H\u00e4nden.Kontakt aufnehmen Reinigungab CHF 45.\u2013 pro Stunde oder Pauschal Gr\u00fcndlich, flexibel und g\u00e4steorientiert Wir reinigen so, wie wir es selbst erwarten w&uuml;rden. &#8230; <\/p>\n<div><a href=\"https:\/\/surfershome.ch\/de\/team\/\" class=\"more-link\">Read More<\/a><\/div>\n","protected":false},"author":2,"featured_media":0,"parent":0,"menu_order":0,"comment_status":"closed","ping_status":"closed","template":"template-blank-4.php","meta":{"iawp_total_views":2,"footnotes":""},"class_list":["post-297","page","type-page","status-publish","hentry","no-post-thumbnail"],"_links":{"self":[{"href":"https:\/\/surfershome.ch\/de\/wp-json\/wp\/v2\/pages\/297","targetHints":{"allow":["GET"]}}],"collection":[{"href":"https:\/\/surfershome.ch\/de\/wp-json\/wp\/v2\/pages"}],"about":[{"href":"https:\/\/surfershome.ch\/de\/wp-json\/wp\/v2\/types\/page"}],"author":[{"embeddable":true,"href":"https:\/\/surfershome.ch\/de\/wp-json\/wp\/v2\/users\/2"}],"replies":[{"embeddable":true,"href":"https:\/\/surfershome.ch\/de\/wp-json\/wp\/v2\/comments?post=297"}],"version-history":[{"count":2,"href":"https:\/\/surfershome.ch\/de\/wp-json\/wp\/v2\/pages\/297\/revisions"}],"predecessor-version":[{"id":774,"href":"https:\/\/surfershome.ch\/de\/wp-json\/wp\/v2\/pages\/297\/revisions\/774"}],"wp:attachment":[{"href":"https:\/\/surfershome.ch\/de\/wp-json\/wp\/v2\/media?parent=297"}],"curies":[{"name":"wp","href":"https:\/\/api.w.org\/{rel}","templated":true}]}}