{"id":304,"date":"2026-04-14T17:25:22","date_gmt":"2026-04-14T15:25:22","guid":{"rendered":"https:\/\/surfershome.ch\/?page_id=304"},"modified":"2026-04-15T08:32:59","modified_gmt":"2026-04-15T06:32:59","slug":"datenschutz","status":"publish","type":"page","link":"https:\/\/surfershome.ch\/de\/datenschutz\/","title":{"rendered":"Datenschutz"},"content":{"rendered":"<div id=\"cs-content\" class=\"cs-content\"><div class=\"x-section e304-e1 m8g-0 m8g-1\"><div class=\"x-div x-container max width e304-e2 m8g-6 m8g-7\"><div class=\"x-row e304-e3 m8g-a m8g-b m8g-c m8g-g m8g-h\"><div class=\"x-row-inner\"><div class=\"x-col e304-e4 m8g-n m8g-o\"><div class=\"x-text x-text-headline e304-e5 m8g-t m8g-u m8g-v m8g-w m8g-x m8g-y m8g-z\"><div class=\"x-text-content\"><div class=\"x-text-content-text\">\n<h1 class=\"x-text-content-text-primary\">Datenschutz<\/h1><\/div><\/div><\/div><div data-x-element-text-type=\"{&quot;strings&quot;:[&quot;f\\u00fcr dich.&quot;,&quot;f\\u00fcr uns.&quot;,&quot;f\\u00fcr alle.&quot;],&quot;type_speed&quot;:5,&quot;back_speed&quot;:5,&quot;start_delay&quot;:0,&quot;back_delay&quot;:4000,&quot;loop&quot;:true,&quot;show_cursor&quot;:false,&quot;cursor&quot;:&quot;|&quot;}\" class=\"x-text x-text-headline e304-e6 m8g-t m8g-u m8g-v m8g-w m8g-x m8g-y m8g-10\"><div class=\"x-text-content\"><div class=\"x-text-content-text\">\n<h2 class=\"x-text-content-text-primary\"><span class=\"x-text-typing\"><\/span>&nbsp;<\/h2><\/div><\/div><\/div><\/div><div class=\"x-col e304-e7 m8g-n m8g-p m8g-q\"><span class=\"x-image e304-e8 m8g-15 m8g-4 x-effect-exit\" data-x-effect=\"{&quot;scroll&quot;:true,&quot;offsetTop&quot;:&quot;10%&quot;,&quot;offsetBottom&quot;:&quot;10%&quot;,&quot;behaviorScroll&quot;:&quot;fire-once&quot;}\"><img decoding=\"async\" src=\"https:\/\/surfershome.ch\/wp-content\/uploads\/2026\/04\/strandstuhl_freigestellt-e1776179650212.png\" width=\"273\" height=\"296\" alt=\"Image\" loading=\"lazy\"><\/span><\/div><\/div><\/div><\/div><\/div><div class=\"x-section e304-e9 m8g-0 m8g-2 m8g-3\"><div class=\"x-row x-container max width e304-e10 m8g-a m8g-b m8g-d m8g-e m8g-g m8g-i\"><div class=\"x-row-inner\"><div class=\"x-col e304-e11 m8g-n m8g-o\"><div class=\"x-text x-content e304-e12 m8g-16 m8g-17\"><script src=\"https:\/\/app.privacybee.io\/widget.js\" defer><\/script>\n<privacybee-widget website-id=\"cmnymy3gw0pls0r2ytfnk4lhd\" type=\"dsg\" lang=\"de\"><\/privacybee-widget><\/div><\/div><\/div><\/div><\/div><div class=\"x-section e304-e13 m8g-0 m8g-2\"><div class=\"x-row x-container max width e304-e14 m8g-a m8g-b m8g-d m8g-e m8g-g m8g-j\"><div class=\"x-row-inner\"><div class=\"x-col e304-e15 m8g-n m8g-q m8g-r m8g-s m8g-4 x-effect-exit\" data-x-effect=\"{&quot;scroll&quot;:true,&quot;offsetTop&quot;:&quot;10%&quot;,&quot;offsetBottom&quot;:&quot;10%&quot;,&quot;behaviorScroll&quot;:&quot;fire-once&quot;}\"><div class=\"x-div e304-e16 m8g-6 m8g-8\"><div class=\"x-row e304-e17 m8g-a m8g-d m8g-f m8g-k m8g-l\"><div class=\"x-row-inner\"><div class=\"x-col e304-e18 m8g-n m8g-o\"><div class=\"x-text x-text-headline e304-e19 m8g-u m8g-v m8g-x m8g-y m8g-z m8g-11\"><div class=\"x-text-content\"><div class=\"x-text-content-text\">\n<h2 class=\"x-text-content-text-primary\">Reinigung<\/h2><\/div><\/div><\/div><div class=\"x-text x-text-headline e304-e20 m8g-u m8g-v m8g-w m8g-12 m8g-13\"><div class=\"x-text-content\"><div class=\"x-text-content-text\"><h3 class=\"x-text-content-text-primary\">ab CHF 45.\u2013 pro Stunde oder Pauschal<\/h3>\n<\/div><\/div><\/div><\/div><\/div><\/div><div class=\"x-text x-text-headline has-graphic e304-e21 m8g-v m8g-w m8g-y m8g-12 m8g-14\"><div class=\"x-text-content\"><span class=\"x-graphic\" aria-hidden=\"true\"><i class=\"x-icon x-graphic-child x-graphic-icon x-graphic-primary\" aria-hidden=\"true\" data-x-icon-o=\"&#xf00c;\"><\/i><\/span><div class=\"x-text-content-text\"><p class=\"x-text-content-text-primary\">Gr\u00fcndlich, flexibel und g\u00e4steorientiert<\/p>\n<\/div><\/div><\/div><div class=\"x-text x-text-headline has-graphic e304-e22 m8g-v m8g-w m8g-y m8g-12 m8g-14\"><div class=\"x-text-content\"><span class=\"x-graphic\" aria-hidden=\"true\"><i class=\"x-icon x-graphic-child x-graphic-icon x-graphic-primary\" aria-hidden=\"true\" data-x-icon-o=\"&#xf00c;\"><\/i><\/span><div class=\"x-text-content-text\"><p class=\"x-text-content-text-primary\">Wir reinigen so, wie wir es selbst erwarten w&uuml;rden.<\/p>\n<\/div><\/div><\/div><div class=\"x-text x-text-headline has-graphic e304-e23 m8g-v m8g-w m8g-y m8g-12 m8g-14\"><div class=\"x-text-content\"><span class=\"x-graphic\" aria-hidden=\"true\"><i class=\"x-icon x-graphic-child x-graphic-icon x-graphic-primary\" aria-hidden=\"true\" data-x-icon-o=\"&#xf00c;\"><\/i><\/span><div class=\"x-text-content-text\"><p class=\"x-text-content-text-primary\">Ferienabl&ouml;sung inklusive.<\/p>\n<\/div><\/div><\/div><div class=\"x-text x-content e304-e24 m8g-17 m8g-18\">F\u00fcr Ferienwohnungen in D\u00e4rligen, Interlaken, Matten &amp; Umgebung<\/div><a class=\"x-anchor x-anchor-button has-graphic e304-e25 m8g-19 m8g-5\" tabindex=\"0\" href=\"mailto:info@surfershome.ch?subject=Offerte Reinigung\" data-x-effect=\"{&quot;durationBase&quot;:&quot;300ms&quot;}\"><div class=\"x-anchor-content\"><span class=\"x-graphic\" aria-hidden=\"true\"><i class=\"x-icon x-graphic-child x-graphic-icon x-graphic-primary\" aria-hidden=\"true\" data-x-icon-o=\"&#xf061;\"><\/i><\/span><div class=\"x-anchor-text\"><span class=\"x-anchor-text-primary\">Offerte anfordern<\/span><\/div><\/div><\/a><\/div><\/div><div class=\"x-col e304-e26 m8g-n m8g-q m8g-r m8g-4 x-effect-exit\" data-x-effect=\"{&quot;scroll&quot;:true,&quot;offsetTop&quot;:&quot;10%&quot;,&quot;offsetBottom&quot;:&quot;10%&quot;,&quot;behaviorScroll&quot;:&quot;fire-once&quot;}\"><div class=\"x-div e304-e27 m8g-6 m8g-8 m8g-9\"><div class=\"x-row e304-e28 m8g-a m8g-d m8g-f m8g-k m8g-m\"><div class=\"x-row-inner\"><div class=\"x-col e304-e29 m8g-n m8g-o\"><div class=\"x-text x-text-headline e304-e30 m8g-u m8g-v m8g-x m8g-y m8g-z m8g-11\"><div class=\"x-text-content\"><div class=\"x-text-content-text\">\n<h2 class=\"x-text-content-text-primary\">Management & G\u00e4stekommunikation<\/h2><\/div><\/div><\/div><div class=\"x-text x-text-headline e304-e31 m8g-u m8g-v m8g-w m8g-12 m8g-13\"><div class=\"x-text-content\"><div class=\"x-text-content-text\"><h3 class=\"x-text-content-text-primary\">ab CHF 1000.\u2013 pro Monat<\/h3>\n<\/div><\/div><\/div><\/div><\/div><\/div><div class=\"x-text x-text-headline has-graphic e304-e32 m8g-v m8g-w m8g-y m8g-12 m8g-14\"><div class=\"x-text-content\"><span class=\"x-graphic\" aria-hidden=\"true\"><i class=\"x-icon x-graphic-child x-graphic-icon x-graphic-primary\" aria-hidden=\"true\" data-x-icon-o=\"&#xf00c;\"><\/i><\/span><div class=\"x-text-content-text\"><p class=\"x-text-content-text-primary\"><strong>Herzlichkeit<\/strong> gegen&uuml;ber den G&auml;sten ist die halbe Miete<\/p>\n<\/div><\/div><\/div><div class=\"x-text x-text-headline has-graphic e304-e33 m8g-v m8g-w m8g-y m8g-12 m8g-14\"><div class=\"x-text-content\"><span class=\"x-graphic\" aria-hidden=\"true\"><i class=\"x-icon x-graphic-child x-graphic-icon x-graphic-primary\" aria-hidden=\"true\" data-x-icon-o=\"&#xf00c;\"><\/i><\/span><div class=\"x-text-content-text\"><p class=\"x-text-content-text-primary\">Automation wo sinnvoll (KI-gest&uuml;tzt)<\/p>\n<\/div><\/div><\/div><div class=\"x-text x-text-headline has-graphic e304-e34 m8g-v m8g-w m8g-y m8g-12 m8g-14\"><div class=\"x-text-content\"><span class=\"x-graphic\" aria-hidden=\"true\"><i class=\"x-icon x-graphic-child x-graphic-icon x-graphic-primary\" aria-hidden=\"true\" data-x-icon-o=\"&#xf00c;\"><\/i><\/span><div class=\"x-text-content-text\"><p class=\"x-text-content-text-primary\"><strong>Dynamische Preisstrategie<\/strong><\/p>\n<\/div><\/div><\/div><div class=\"x-text x-text-headline has-graphic e304-e35 m8g-v m8g-w m8g-y m8g-12 m8g-14\"><div class=\"x-text-content\"><span class=\"x-graphic\" aria-hidden=\"true\"><i class=\"x-icon x-graphic-child x-graphic-icon x-graphic-primary\" aria-hidden=\"true\" data-x-icon-o=\"&#xf00c;\"><\/i><\/span><div class=\"x-text-content-text\"><p class=\"x-text-content-text-primary\">Software: <strong>guesty.com<\/strong> &ndash; eine der weltweit f&uuml;hrenden Software f&uuml;r Kurzzeitvermietung<\/p>\n<\/div><\/div><\/div><div class=\"x-text x-content e304-e36 m8g-17 m8g-18\"><span>Vom ersten Kontakt bis zum Check-out \u2013 wir \u00fcbernehmen professionell, mehrsprachig und herzlich.<\/span><\/div><a class=\"x-anchor x-anchor-button has-graphic e304-e37 m8g-19 m8g-5\" tabindex=\"0\" href=\"mailto:info@surfershome.ch?subject=Offerte Reinigung\" data-x-effect=\"{&quot;durationBase&quot;:&quot;300ms&quot;}\"><div class=\"x-anchor-content\"><span class=\"x-graphic\" aria-hidden=\"true\"><i class=\"x-icon x-graphic-child x-graphic-icon x-graphic-primary\" aria-hidden=\"true\" data-x-icon-o=\"&#xf061;\"><\/i><\/span><div class=\"x-anchor-text\"><span class=\"x-anchor-text-primary\">Offerte anfordern<\/span><\/div><\/div><\/a><\/div><\/div><\/div><\/div><\/div><\/div>","protected":false},"excerpt":{"rendered":"<p>Datenschutz &nbsp; Reinigungab CHF 45.\u2013 pro Stunde oder Pauschal Gr\u00fcndlich, flexibel und g\u00e4steorientiert Wir reinigen so, wie wir es selbst erwarten w&uuml;rden. Ferienabl&ouml;sung inklusive. F\u00fcr Ferienwohnungen in D\u00e4rligen, Interlaken, Matten &amp; UmgebungOfferte anfordern Management &#038; G\u00e4stekommunikationab CHF 1000.\u2013 pro Monat Herzlichkeit gegen&uuml;ber den G&auml;sten ist die halbe Miete Automation wo sinnvoll (KI-gest&uuml;tzt) Dynamische Preisstrategie Software: guesty.com &ndash; eine der weltweit &#8230; <\/p>\n<div><a href=\"https:\/\/surfershome.ch\/de\/datenschutz\/\" class=\"more-link\">Read More<\/a><\/div>\n","protected":false},"author":2,"featured_media":0,"parent":0,"menu_order":0,"comment_status":"closed","ping_status":"closed","template":"template-blank-4.php","meta":{"iawp_total_views":1,"footnotes":""},"class_list":["post-304","page","type-page","status-publish","hentry","no-post-thumbnail"],"_links":{"self":[{"href":"https:\/\/surfershome.ch\/de\/wp-json\/wp\/v2\/pages\/304","targetHints":{"allow":["GET"]}}],"collection":[{"href":"https:\/\/surfershome.ch\/de\/wp-json\/wp\/v2\/pages"}],"about":[{"href":"https:\/\/surfershome.ch\/de\/wp-json\/wp\/v2\/types\/page"}],"author":[{"embeddable":true,"href":"https:\/\/surfershome.ch\/de\/wp-json\/wp\/v2\/users\/2"}],"replies":[{"embeddable":true,"href":"https:\/\/surfershome.ch\/de\/wp-json\/wp\/v2\/comments?post=304"}],"version-history":[{"count":0,"href":"https:\/\/surfershome.ch\/de\/wp-json\/wp\/v2\/pages\/304\/revisions"}],"wp:attachment":[{"href":"https:\/\/surfershome.ch\/de\/wp-json\/wp\/v2\/media?parent=304"}],"curies":[{"name":"wp","href":"https:\/\/api.w.org\/{rel}","templated":true}]}}