{"id":309,"date":"2026-04-14T17:26:29","date_gmt":"2026-04-14T15:26:29","guid":{"rendered":"https:\/\/surfershome.ch\/?page_id=309"},"modified":"2026-04-15T08:33:00","modified_gmt":"2026-04-15T06:33:00","slug":"impressum","status":"publish","type":"page","link":"https:\/\/surfershome.ch\/de\/impressum\/","title":{"rendered":"Impressum"},"content":{"rendered":"<div id=\"cs-content\" class=\"cs-content\"><div class=\"x-section e309-e1 m8l-0 m8l-1\"><div class=\"x-div x-container max width e309-e2 m8l-6 m8l-7\"><div class=\"x-row e309-e3 m8l-a m8l-b m8l-c m8l-g m8l-h\"><div class=\"x-row-inner\"><div class=\"x-col e309-e4 m8l-n m8l-o\"><div class=\"x-text x-text-headline e309-e5 m8l-t m8l-u m8l-v m8l-w m8l-x m8l-y m8l-z\"><div class=\"x-text-content\"><div class=\"x-text-content-text\">\n<h1 class=\"x-text-content-text-primary\">Impressum<\/h1><\/div><\/div><\/div><div data-x-element-text-type=\"{&quot;strings&quot;:[&quot;wer? wo? wie? was?&quot;],&quot;type_speed&quot;:5,&quot;back_speed&quot;:5,&quot;start_delay&quot;:0,&quot;back_delay&quot;:4000,&quot;loop&quot;:true,&quot;show_cursor&quot;:false,&quot;cursor&quot;:&quot;|&quot;}\" class=\"x-text x-text-headline e309-e6 m8l-t m8l-u m8l-v m8l-w m8l-x m8l-y m8l-10\"><div class=\"x-text-content\"><div class=\"x-text-content-text\">\n<h2 class=\"x-text-content-text-primary\"><span class=\"x-text-typing\"><\/span>&nbsp;<\/h2><\/div><\/div><\/div><\/div><div class=\"x-col e309-e7 m8l-n m8l-p m8l-q\"><span class=\"x-image e309-e8 m8l-15 m8l-4 x-effect-exit\" data-x-effect=\"{&quot;scroll&quot;:true,&quot;offsetTop&quot;:&quot;10%&quot;,&quot;offsetBottom&quot;:&quot;10%&quot;,&quot;behaviorScroll&quot;:&quot;fire-once&quot;}\"><img decoding=\"async\" src=\"https:\/\/surfershome.ch\/wp-content\/uploads\/2026\/04\/strandstuhl_freigestellt-e1776179650212.png\" width=\"273\" height=\"296\" alt=\"Image\" loading=\"lazy\"><\/span><\/div><\/div><\/div><\/div><\/div><div class=\"x-section e309-e9 m8l-0 m8l-2 m8l-3\"><div class=\"x-row x-container max width e309-e10 m8l-a m8l-b m8l-d m8l-e m8l-g m8l-i\"><div class=\"x-row-inner\"><div class=\"x-col e309-e11 m8l-n m8l-o\"><div class=\"x-text x-content e309-e12 m8l-16 m8l-17\"><script src=\"https:\/\/app.privacybee.io\/imprint-widget.js\"><\/script>\n<imprint-widget website-id=\"cmnymy3gw0pls0r2ytfnk4lhd\" lang=\"de\"><\/imprint-widget><\/div><\/div><\/div><\/div><\/div><div class=\"x-section e309-e13 m8l-0 m8l-2\"><div class=\"x-row x-container max width e309-e14 m8l-a m8l-b m8l-d m8l-e m8l-g m8l-j\"><div class=\"x-row-inner\"><div class=\"x-col e309-e15 m8l-n m8l-q m8l-r m8l-s m8l-4 x-effect-exit\" data-x-effect=\"{&quot;scroll&quot;:true,&quot;offsetTop&quot;:&quot;10%&quot;,&quot;offsetBottom&quot;:&quot;10%&quot;,&quot;behaviorScroll&quot;:&quot;fire-once&quot;}\"><div class=\"x-div e309-e16 m8l-6 m8l-8\"><div class=\"x-row e309-e17 m8l-a m8l-d m8l-f m8l-k m8l-l\"><div class=\"x-row-inner\"><div class=\"x-col e309-e18 m8l-n m8l-o\"><div class=\"x-text x-text-headline e309-e19 m8l-u m8l-v m8l-x m8l-y m8l-z m8l-11\"><div class=\"x-text-content\"><div class=\"x-text-content-text\">\n<h2 class=\"x-text-content-text-primary\">Reinigung<\/h2><\/div><\/div><\/div><div class=\"x-text x-text-headline e309-e20 m8l-u m8l-v m8l-w m8l-12 m8l-13\"><div class=\"x-text-content\"><div class=\"x-text-content-text\"><h3 class=\"x-text-content-text-primary\">ab CHF 45.\u2013 pro Stunde oder Pauschal<\/h3>\n<\/div><\/div><\/div><\/div><\/div><\/div><div class=\"x-text x-text-headline has-graphic e309-e21 m8l-v m8l-w m8l-y m8l-12 m8l-14\"><div class=\"x-text-content\"><span class=\"x-graphic\" aria-hidden=\"true\"><i class=\"x-icon x-graphic-child x-graphic-icon x-graphic-primary\" aria-hidden=\"true\" data-x-icon-o=\"&#xf00c;\"><\/i><\/span><div class=\"x-text-content-text\"><p class=\"x-text-content-text-primary\">Gr\u00fcndlich, flexibel und g\u00e4steorientiert<\/p>\n<\/div><\/div><\/div><div class=\"x-text x-text-headline has-graphic e309-e22 m8l-v m8l-w m8l-y m8l-12 m8l-14\"><div class=\"x-text-content\"><span class=\"x-graphic\" aria-hidden=\"true\"><i class=\"x-icon x-graphic-child x-graphic-icon x-graphic-primary\" aria-hidden=\"true\" data-x-icon-o=\"&#xf00c;\"><\/i><\/span><div class=\"x-text-content-text\"><p class=\"x-text-content-text-primary\">Wir reinigen so, wie wir es selbst erwarten w&uuml;rden.<\/p>\n<\/div><\/div><\/div><div class=\"x-text x-text-headline has-graphic e309-e23 m8l-v m8l-w m8l-y m8l-12 m8l-14\"><div class=\"x-text-content\"><span class=\"x-graphic\" aria-hidden=\"true\"><i class=\"x-icon x-graphic-child x-graphic-icon x-graphic-primary\" aria-hidden=\"true\" data-x-icon-o=\"&#xf00c;\"><\/i><\/span><div class=\"x-text-content-text\"><p class=\"x-text-content-text-primary\">Ferienabl&ouml;sung inklusive.<\/p>\n<\/div><\/div><\/div><div class=\"x-text x-content e309-e24 m8l-17 m8l-18\">F\u00fcr Ferienwohnungen in D\u00e4rligen, Interlaken, Matten &amp; Umgebung<\/div><a class=\"x-anchor x-anchor-button has-graphic e309-e25 m8l-19 m8l-5\" tabindex=\"0\" href=\"mailto:info@surfershome.ch?subject=Offerte Reinigung\" data-x-effect=\"{&quot;durationBase&quot;:&quot;300ms&quot;}\"><div class=\"x-anchor-content\"><span class=\"x-graphic\" aria-hidden=\"true\"><i class=\"x-icon x-graphic-child x-graphic-icon x-graphic-primary\" aria-hidden=\"true\" data-x-icon-o=\"&#xf061;\"><\/i><\/span><div class=\"x-anchor-text\"><span class=\"x-anchor-text-primary\">Offerte anfordern<\/span><\/div><\/div><\/a><\/div><\/div><div class=\"x-col e309-e26 m8l-n m8l-q m8l-r m8l-4 x-effect-exit\" data-x-effect=\"{&quot;scroll&quot;:true,&quot;offsetTop&quot;:&quot;10%&quot;,&quot;offsetBottom&quot;:&quot;10%&quot;,&quot;behaviorScroll&quot;:&quot;fire-once&quot;}\"><div class=\"x-div e309-e27 m8l-6 m8l-8 m8l-9\"><div class=\"x-row e309-e28 m8l-a m8l-d m8l-f m8l-k m8l-m\"><div class=\"x-row-inner\"><div class=\"x-col e309-e29 m8l-n m8l-o\"><div class=\"x-text x-text-headline e309-e30 m8l-u m8l-v m8l-x m8l-y m8l-z m8l-11\"><div class=\"x-text-content\"><div class=\"x-text-content-text\">\n<h2 class=\"x-text-content-text-primary\">Management & G\u00e4stekommunikation<\/h2><\/div><\/div><\/div><div class=\"x-text x-text-headline e309-e31 m8l-u m8l-v m8l-w m8l-12 m8l-13\"><div class=\"x-text-content\"><div class=\"x-text-content-text\"><h3 class=\"x-text-content-text-primary\">ab CHF 1000.\u2013 pro Monat<\/h3>\n<\/div><\/div><\/div><\/div><\/div><\/div><div class=\"x-text x-text-headline has-graphic e309-e32 m8l-v m8l-w m8l-y m8l-12 m8l-14\"><div class=\"x-text-content\"><span class=\"x-graphic\" aria-hidden=\"true\"><i class=\"x-icon x-graphic-child x-graphic-icon x-graphic-primary\" aria-hidden=\"true\" data-x-icon-o=\"&#xf00c;\"><\/i><\/span><div class=\"x-text-content-text\"><p class=\"x-text-content-text-primary\"><strong>Herzlichkeit<\/strong> gegen&uuml;ber den G&auml;sten ist die halbe Miete<\/p>\n<\/div><\/div><\/div><div class=\"x-text x-text-headline has-graphic e309-e33 m8l-v m8l-w m8l-y m8l-12 m8l-14\"><div class=\"x-text-content\"><span class=\"x-graphic\" aria-hidden=\"true\"><i class=\"x-icon x-graphic-child x-graphic-icon x-graphic-primary\" aria-hidden=\"true\" data-x-icon-o=\"&#xf00c;\"><\/i><\/span><div class=\"x-text-content-text\"><p class=\"x-text-content-text-primary\">Automation wo sinnvoll (KI-gest&uuml;tzt)<\/p>\n<\/div><\/div><\/div><div class=\"x-text x-text-headline has-graphic e309-e34 m8l-v m8l-w m8l-y m8l-12 m8l-14\"><div class=\"x-text-content\"><span class=\"x-graphic\" aria-hidden=\"true\"><i class=\"x-icon x-graphic-child x-graphic-icon x-graphic-primary\" aria-hidden=\"true\" data-x-icon-o=\"&#xf00c;\"><\/i><\/span><div class=\"x-text-content-text\"><p class=\"x-text-content-text-primary\"><strong>Dynamische Preisstrategie<\/strong><\/p>\n<\/div><\/div><\/div><div class=\"x-text x-text-headline has-graphic e309-e35 m8l-v m8l-w m8l-y m8l-12 m8l-14\"><div class=\"x-text-content\"><span class=\"x-graphic\" aria-hidden=\"true\"><i class=\"x-icon x-graphic-child x-graphic-icon x-graphic-primary\" aria-hidden=\"true\" data-x-icon-o=\"&#xf00c;\"><\/i><\/span><div class=\"x-text-content-text\"><p class=\"x-text-content-text-primary\">Software: <strong>guesty.com<\/strong> &ndash; eine der weltweit f&uuml;hrenden Software f&uuml;r Kurzzeitvermietung<\/p>\n<\/div><\/div><\/div><div class=\"x-text x-content e309-e36 m8l-17 m8l-18\"><span>Vom ersten Kontakt bis zum Check-out \u2013 wir \u00fcbernehmen professionell, mehrsprachig und herzlich.<\/span><\/div><a class=\"x-anchor x-anchor-button has-graphic e309-e37 m8l-19 m8l-5\" tabindex=\"0\" href=\"mailto:info@surfershome.ch?subject=Offerte Reinigung\" data-x-effect=\"{&quot;durationBase&quot;:&quot;300ms&quot;}\"><div class=\"x-anchor-content\"><span class=\"x-graphic\" aria-hidden=\"true\"><i class=\"x-icon x-graphic-child x-graphic-icon x-graphic-primary\" aria-hidden=\"true\" data-x-icon-o=\"&#xf061;\"><\/i><\/span><div class=\"x-anchor-text\"><span class=\"x-anchor-text-primary\">Offerte anfordern<\/span><\/div><\/div><\/a><\/div><\/div><\/div><\/div><\/div><\/div>","protected":false},"excerpt":{"rendered":"<p>Impressum &nbsp; Reinigungab CHF 45.\u2013 pro Stunde oder Pauschal Gr\u00fcndlich, flexibel und g\u00e4steorientiert Wir reinigen so, wie wir es selbst erwarten w&uuml;rden. Ferienabl&ouml;sung inklusive. F\u00fcr Ferienwohnungen in D\u00e4rligen, Interlaken, Matten &amp; UmgebungOfferte anfordern Management &#038; G\u00e4stekommunikationab CHF 1000.\u2013 pro Monat Herzlichkeit gegen&uuml;ber den G&auml;sten ist die halbe Miete Automation wo sinnvoll (KI-gest&uuml;tzt) Dynamische Preisstrategie Software: guesty.com &ndash; eine der weltweit &#8230; <\/p>\n<div><a href=\"https:\/\/surfershome.ch\/de\/impressum\/\" class=\"more-link\">Read More<\/a><\/div>\n","protected":false},"author":2,"featured_media":0,"parent":0,"menu_order":0,"comment_status":"closed","ping_status":"closed","template":"template-blank-4.php","meta":{"iawp_total_views":2,"footnotes":""},"class_list":["post-309","page","type-page","status-publish","hentry","no-post-thumbnail"],"_links":{"self":[{"href":"https:\/\/surfershome.ch\/de\/wp-json\/wp\/v2\/pages\/309","targetHints":{"allow":["GET"]}}],"collection":[{"href":"https:\/\/surfershome.ch\/de\/wp-json\/wp\/v2\/pages"}],"about":[{"href":"https:\/\/surfershome.ch\/de\/wp-json\/wp\/v2\/types\/page"}],"author":[{"embeddable":true,"href":"https:\/\/surfershome.ch\/de\/wp-json\/wp\/v2\/users\/2"}],"replies":[{"embeddable":true,"href":"https:\/\/surfershome.ch\/de\/wp-json\/wp\/v2\/comments?post=309"}],"version-history":[{"count":0,"href":"https:\/\/surfershome.ch\/de\/wp-json\/wp\/v2\/pages\/309\/revisions"}],"wp:attachment":[{"href":"https:\/\/surfershome.ch\/de\/wp-json\/wp\/v2\/media?parent=309"}],"curies":[{"name":"wp","href":"https:\/\/api.w.org\/{rel}","templated":true}]}}