{"id":47,"date":"2025-11-19T11:23:12","date_gmt":"2025-11-19T10:23:12","guid":{"rendered":"https:\/\/surfershome.ch\/?page_id=47"},"modified":"2026-04-15T08:33:08","modified_gmt":"2026-04-15T06:33:08","slug":"owner","status":"publish","type":"page","link":"https:\/\/surfershome.ch\/de\/owner\/","title":{"rendered":"f\u00fcr Eigent\u00fcmer"},"content":{"rendered":"<div id=\"cs-content\" class=\"cs-content\"><div class=\"x-section e47-e1 m1b-0 m1b-1\"><div class=\"x-div x-container max width e47-e2 m1b-6 m1b-7\"><div class=\"x-row e47-e3 m1b-a m1b-b m1b-c m1b-g m1b-h\"><div class=\"x-row-inner\"><div class=\"x-col e47-e4 m1b-n m1b-o\"><div class=\"x-text x-text-headline e47-e5 m1b-v m1b-w m1b-x m1b-y m1b-z m1b-10 m1b-11\"><div class=\"x-text-content\"><div class=\"x-text-content-text\">\n<h1 class=\"x-text-content-text-primary\">Wir \u00fcbernehmen Reinigung und Management<\/h1><\/div><\/div><\/div><div data-x-element-text-type=\"{&quot;strings&quot;:[&quot;unkompliziert.&quot;,&quot;kostentransparent.&quot;],&quot;type_speed&quot;:5,&quot;back_speed&quot;:5,&quot;start_delay&quot;:0,&quot;back_delay&quot;:4000,&quot;loop&quot;:true,&quot;show_cursor&quot;:false,&quot;cursor&quot;:&quot;|&quot;}\" class=\"x-text x-text-headline e47-e6 m1b-v m1b-w m1b-x m1b-y m1b-z m1b-10 m1b-12\"><div class=\"x-text-content\"><div class=\"x-text-content-text\">\n<h2 class=\"x-text-content-text-primary\"><span class=\"x-text-typing\"><\/span>&nbsp;<\/h2><\/div><\/div><\/div><\/div><div class=\"x-col e47-e7 m1b-n m1b-p m1b-q\"><span class=\"x-image e47-e8 m1b-18 m1b-4 x-effect-exit\" data-x-effect=\"{&quot;scroll&quot;:true,&quot;offsetTop&quot;:&quot;10%&quot;,&quot;offsetBottom&quot;:&quot;10%&quot;,&quot;behaviorScroll&quot;:&quot;fire-once&quot;}\"><img decoding=\"async\" src=\"https:\/\/surfershome.ch\/wp-content\/uploads\/2025\/11\/reinigung-und-management-auslagern-surfershome-2.webp\" width=\"750\" height=\"750\" alt=\"Image\"><\/span><\/div><\/div><\/div><\/div><\/div><div class=\"x-section e47-e9 m1b-0 m1b-2 m1b-3\"><div class=\"x-row x-container max width e47-e10 m1b-a m1b-b m1b-d m1b-e m1b-g m1b-i\"><div class=\"x-row-inner\"><div class=\"x-col e47-e11 m1b-n m1b-o\"><div class=\"x-text x-text-headline e47-e12 m1b-v m1b-w m1b-x m1b-y m1b-z m1b-10 m1b-11 m1b-13\"><div class=\"x-text-content\"><div class=\"x-text-content-text\">\n<h3 class=\"x-text-content-text-primary\">Warum auslagern?<\/h3><\/div><\/div><\/div><div class=\"x-text x-content e47-e13 m1b-19\"><p class=\"p1\">Du vermietest \u2013 wir \u00fcbernehmen den Rest.<\/p>\n\n<ul>\n \t<li class=\"p1\">Du sparst Zeit und Nerven<\/li>\n \t<li class=\"p1\">Deine G\u00e4ste sind bestens betreut<\/li>\n \t<li class=\"p1\">Deine Unterkunft ist konstant gepflegt<\/li>\n<\/ul><\/div><\/div><div class=\"x-col e47-e14 m1b-n m1b-o m1b-r m1b-s\"><div class=\"x-text x-text-headline e47-e15 m1b-v m1b-w m1b-x m1b-y m1b-z m1b-10 m1b-11 m1b-13\"><div class=\"x-text-content\"><div class=\"x-text-content-text\">\n<h3 class=\"x-text-content-text-primary\">Warum wir?<\/h3><\/div><\/div><\/div><div class=\"x-text x-content e47-e16 m1b-19\"><p class=\"p1\">Weil wir selbst Gastgeber:innen sind \u2013 und genau wissen, worauf es ankommt.<\/p>\n<p class=\"p1\">Wir denken mit, handeln verl\u00e4sslich und kommunizieren freundlich und professionell. Ob Reinigung, Schl\u00fcssel\u00fcbergabe oder G\u00e4stefragen: <span class=\"s1\"><b>Deine Wohnung ist bei uns in guten H\u00e4nden.<\/b><\/span><\/p><\/div><div class=\"x-anchor x-anchor-button has-graphic e47-e17 m1b-1a m1b-1b m1b-5\" tabindex=\"0\" data-x-effect=\"{&quot;durationBase&quot;:&quot;300ms&quot;}\"><div class=\"x-anchor-content\"><span class=\"x-graphic\" aria-hidden=\"true\"><i class=\"x-icon x-graphic-child x-graphic-icon x-graphic-primary\" aria-hidden=\"true\" data-x-icon-o=\"&#xf061;\"><\/i><\/span><div class=\"x-anchor-text\"><span class=\"x-anchor-text-primary\">Kontakt aufnehmen<\/span><\/div><\/div><\/div><\/div><\/div><\/div><\/div><div class=\"x-section e47-e18 m1b-0 m1b-2\"><div class=\"x-row x-container max width e47-e19 m1b-a m1b-b m1b-d m1b-e m1b-g m1b-j\"><div class=\"x-row-inner\"><div class=\"x-col e47-e20 m1b-n m1b-q m1b-r m1b-t m1b-u m1b-4 x-effect-exit\" data-x-effect=\"{&quot;scroll&quot;:true,&quot;offsetTop&quot;:&quot;10%&quot;,&quot;offsetBottom&quot;:&quot;10%&quot;,&quot;behaviorScroll&quot;:&quot;fire-once&quot;}\"><div class=\"x-div e47-e21 m1b-6 m1b-8\"><div class=\"x-row e47-e22 m1b-a m1b-d m1b-f m1b-k m1b-l\"><div class=\"x-row-inner\"><div class=\"x-col e47-e23 m1b-n m1b-o\"><div class=\"x-text x-text-headline e47-e24 m1b-w m1b-x m1b-z m1b-10 m1b-11 m1b-14\"><div class=\"x-text-content\"><div class=\"x-text-content-text\">\n<h2 class=\"x-text-content-text-primary\">Reinigung<\/h2><\/div><\/div><\/div><div class=\"x-text x-text-headline e47-e25 m1b-w m1b-x m1b-y m1b-15 m1b-16\"><div class=\"x-text-content\"><div class=\"x-text-content-text\"><h3 class=\"x-text-content-text-primary\">ab CHF 45.\u2013 pro Stunde oder Pauschal<\/h3>\n<\/div><\/div><\/div><\/div><\/div><\/div><div class=\"x-text x-text-headline has-graphic e47-e26 m1b-x m1b-y m1b-10 m1b-15 m1b-17\"><div class=\"x-text-content\"><span class=\"x-graphic\" aria-hidden=\"true\"><i class=\"x-icon x-graphic-child x-graphic-icon x-graphic-primary\" aria-hidden=\"true\" data-x-icon-o=\"&#xf00c;\"><\/i><\/span><div class=\"x-text-content-text\"><p class=\"x-text-content-text-primary\">Gr\u00fcndlich, flexibel und g\u00e4steorientiert<\/p>\n<\/div><\/div><\/div><div class=\"x-text x-text-headline has-graphic e47-e27 m1b-x m1b-y m1b-10 m1b-15 m1b-17\"><div class=\"x-text-content\"><span class=\"x-graphic\" aria-hidden=\"true\"><i class=\"x-icon x-graphic-child x-graphic-icon x-graphic-primary\" aria-hidden=\"true\" data-x-icon-o=\"&#xf00c;\"><\/i><\/span><div class=\"x-text-content-text\"><p class=\"x-text-content-text-primary\">Wir reinigen so, wie wir es selbst erwarten w&uuml;rden.<\/p>\n<\/div><\/div><\/div><div class=\"x-text x-text-headline has-graphic e47-e28 m1b-x m1b-y m1b-10 m1b-15 m1b-17\"><div class=\"x-text-content\"><span class=\"x-graphic\" aria-hidden=\"true\"><i class=\"x-icon x-graphic-child x-graphic-icon x-graphic-primary\" aria-hidden=\"true\" data-x-icon-o=\"&#xf00c;\"><\/i><\/span><div class=\"x-text-content-text\"><p class=\"x-text-content-text-primary\">Ferienabl&ouml;sung inklusive.<\/p>\n<\/div><\/div><\/div><div class=\"x-text x-content e47-e29 m1b-19\">F\u00fcr Ferienwohnungen in D\u00e4rligen, Interlaken, Matten &amp; Umgebung<\/div><a class=\"x-anchor x-anchor-button has-graphic e47-e30 m1b-1b m1b-1c m1b-5\" tabindex=\"0\" href=\"mailto:info@surfershome.ch?subject=Offerte Reinigung\" data-x-effect=\"{&quot;durationBase&quot;:&quot;300ms&quot;}\"><div class=\"x-anchor-content\"><span class=\"x-graphic\" aria-hidden=\"true\"><i class=\"x-icon x-graphic-child x-graphic-icon x-graphic-primary\" aria-hidden=\"true\" data-x-icon-o=\"&#xf061;\"><\/i><\/span><div class=\"x-anchor-text\"><span class=\"x-anchor-text-primary\">Offerte anfordern<\/span><\/div><\/div><\/a><\/div><\/div><div class=\"x-col e47-e31 m1b-n m1b-q m1b-r m1b-t m1b-4 x-effect-exit\" data-x-effect=\"{&quot;scroll&quot;:true,&quot;offsetTop&quot;:&quot;10%&quot;,&quot;offsetBottom&quot;:&quot;10%&quot;,&quot;behaviorScroll&quot;:&quot;fire-once&quot;}\"><div class=\"x-div e47-e32 m1b-6 m1b-8 m1b-9\"><div class=\"x-row e47-e33 m1b-a m1b-d m1b-f m1b-k m1b-m\"><div class=\"x-row-inner\"><div class=\"x-col e47-e34 m1b-n m1b-o\"><div class=\"x-text x-text-headline e47-e35 m1b-w m1b-x m1b-z m1b-10 m1b-11 m1b-14\"><div class=\"x-text-content\"><div class=\"x-text-content-text\">\n<h2 class=\"x-text-content-text-primary\">Management & G\u00e4stekommunikation<\/h2><\/div><\/div><\/div><div class=\"x-text x-text-headline e47-e36 m1b-w m1b-x m1b-y m1b-15 m1b-16\"><div class=\"x-text-content\"><div class=\"x-text-content-text\"><h3 class=\"x-text-content-text-primary\">ab CHF 1000.\u2013 pro Monat<\/h3>\n<\/div><\/div><\/div><\/div><\/div><\/div><div class=\"x-text x-text-headline has-graphic e47-e37 m1b-x m1b-y m1b-10 m1b-15 m1b-17\"><div class=\"x-text-content\"><span class=\"x-graphic\" aria-hidden=\"true\"><i class=\"x-icon x-graphic-child x-graphic-icon x-graphic-primary\" aria-hidden=\"true\" data-x-icon-o=\"&#xf00c;\"><\/i><\/span><div class=\"x-text-content-text\"><p class=\"x-text-content-text-primary\"><strong>Herzlichkeit<\/strong> gegen&uuml;ber den G&auml;sten ist die halbe Miete<\/p>\n<\/div><\/div><\/div><div class=\"x-text x-text-headline has-graphic e47-e38 m1b-x m1b-y m1b-10 m1b-15 m1b-17\"><div class=\"x-text-content\"><span class=\"x-graphic\" aria-hidden=\"true\"><i class=\"x-icon x-graphic-child x-graphic-icon x-graphic-primary\" aria-hidden=\"true\" data-x-icon-o=\"&#xf00c;\"><\/i><\/span><div class=\"x-text-content-text\"><p class=\"x-text-content-text-primary\">Automation wo sinnvoll (KI-gest&uuml;tzt)<\/p>\n<\/div><\/div><\/div><div class=\"x-text x-text-headline has-graphic e47-e39 m1b-x m1b-y m1b-10 m1b-15 m1b-17\"><div class=\"x-text-content\"><span class=\"x-graphic\" aria-hidden=\"true\"><i class=\"x-icon x-graphic-child x-graphic-icon x-graphic-primary\" aria-hidden=\"true\" data-x-icon-o=\"&#xf00c;\"><\/i><\/span><div class=\"x-text-content-text\"><p class=\"x-text-content-text-primary\"><strong>Dynamische Preisstrategie<\/strong><\/p>\n<\/div><\/div><\/div><div class=\"x-text x-text-headline has-graphic e47-e40 m1b-x m1b-y m1b-10 m1b-15 m1b-17\"><div class=\"x-text-content\"><span class=\"x-graphic\" aria-hidden=\"true\"><i class=\"x-icon x-graphic-child x-graphic-icon x-graphic-primary\" aria-hidden=\"true\" data-x-icon-o=\"&#xf00c;\"><\/i><\/span><div class=\"x-text-content-text\"><p class=\"x-text-content-text-primary\">Software: <strong>guesty.com<\/strong> &ndash; eine der weltweit f&uuml;hrenden Software f&uuml;r Kurzzeitvermietung<\/p>\n<\/div><\/div><\/div><div class=\"x-text x-content e47-e41 m1b-19\"><span>Vom ersten Kontakt bis zum Check-out \u2013 wir \u00fcbernehmen professionell, mehrsprachig und herzlich.<\/span><\/div><a class=\"x-anchor x-anchor-button has-graphic e47-e42 m1b-1b m1b-1c m1b-5\" tabindex=\"0\" href=\"mailto:info@surfershome.ch?subject=Offerte Reinigung\" data-x-effect=\"{&quot;durationBase&quot;:&quot;300ms&quot;}\"><div class=\"x-anchor-content\"><span class=\"x-graphic\" aria-hidden=\"true\"><i class=\"x-icon x-graphic-child x-graphic-icon x-graphic-primary\" aria-hidden=\"true\" data-x-icon-o=\"&#xf061;\"><\/i><\/span><div class=\"x-anchor-text\"><span class=\"x-anchor-text-primary\">Offerte anfordern<\/span><\/div><\/div><\/a><\/div><\/div><\/div><\/div><\/div><\/div>","protected":false},"excerpt":{"rendered":"<p>Wir \u00fcbernehmen Reinigung und Management &nbsp; Warum auslagern?Du vermietest \u2013 wir \u00fcbernehmen den Rest. Du sparst Zeit und Nerven Deine G\u00e4ste sind bestens betreut Deine Unterkunft ist konstant gepflegt Warum wir?Weil wir selbst Gastgeber:innen sind \u2013 und genau wissen, worauf es ankommt. Wir denken mit, handeln verl\u00e4sslich und kommunizieren freundlich und professionell. Ob Reinigung, Schl\u00fcssel\u00fcbergabe oder G\u00e4stefragen: Deine Wohnung ist &#8230; <\/p>\n<div><a href=\"https:\/\/surfershome.ch\/de\/owner\/\" class=\"more-link\">Read More<\/a><\/div>\n","protected":false},"author":3,"featured_media":0,"parent":0,"menu_order":0,"comment_status":"closed","ping_status":"closed","template":"template-blank-4.php","meta":{"iawp_total_views":12,"footnotes":""},"class_list":["post-47","page","type-page","status-publish","hentry","no-post-thumbnail"],"_links":{"self":[{"href":"https:\/\/surfershome.ch\/de\/wp-json\/wp\/v2\/pages\/47","targetHints":{"allow":["GET"]}}],"collection":[{"href":"https:\/\/surfershome.ch\/de\/wp-json\/wp\/v2\/pages"}],"about":[{"href":"https:\/\/surfershome.ch\/de\/wp-json\/wp\/v2\/types\/page"}],"author":[{"embeddable":true,"href":"https:\/\/surfershome.ch\/de\/wp-json\/wp\/v2\/users\/3"}],"replies":[{"embeddable":true,"href":"https:\/\/surfershome.ch\/de\/wp-json\/wp\/v2\/comments?post=47"}],"version-history":[{"count":0,"href":"https:\/\/surfershome.ch\/de\/wp-json\/wp\/v2\/pages\/47\/revisions"}],"wp:attachment":[{"href":"https:\/\/surfershome.ch\/de\/wp-json\/wp\/v2\/media?parent=47"}],"curies":[{"name":"wp","href":"https:\/\/api.w.org\/{rel}","templated":true}]}}