{"id":69,"date":"2025-11-19T14:40:30","date_gmt":"2025-11-19T13:40:30","guid":{"rendered":"https:\/\/surfershome.ch\/?page_id=69"},"modified":"2026-04-15T08:33:10","modified_gmt":"2026-04-15T06:33:10","slug":"lodge","status":"publish","type":"page","link":"https:\/\/surfershome.ch\/de\/lodge\/","title":{"rendered":"Lodge"},"content":{"rendered":"<div id=\"cs-content\" class=\"cs-content\"><div class=\"x-section e69-e1 m1x-0 m1x-1\"><div class=\"x-div x-container max width e69-e2 m1x-9 m1x-a m1x-b m1x-c m1x-d\"><div class=\"x-row e69-e3 m1x-p m1x-q m1x-r m1x-v m1x-w\"><div class=\"x-row-inner\"><div class=\"x-col e69-e4 m1x-11 m1x-12\"><div class=\"x-text x-text-headline e69-e5 m1x-1a m1x-1b m1x-1c m1x-1d m1x-1e\"><div class=\"x-text-content\"><div class=\"x-text-content-text\">\n<h1 class=\"x-text-content-text-primary\">Surfers Lodge<\/h1><\/div><\/div><\/div><div data-x-element-text-type=\"{&quot;strings&quot;:[&quot;Top-Etage&quot;,&quot;Balkon mit Panorama&quot;,&quot;Aussicht auf See &amp;amp; Berge&quot;,&quot;F\\u00fcr bis zu 4 Personen&quot;,&quot;Dein Basecamp am Thunersee&quot;],&quot;type_speed&quot;:5,&quot;back_speed&quot;:5,&quot;start_delay&quot;:0,&quot;back_delay&quot;:4000,&quot;loop&quot;:true,&quot;show_cursor&quot;:false,&quot;cursor&quot;:&quot;|&quot;}\" class=\"x-text x-text-headline e69-e6 m1x-1a m1x-1b m1x-1c m1x-1d m1x-1f\"><div class=\"x-text-content\"><div class=\"x-text-content-text\">\n<h2 class=\"x-text-content-text-primary\"><span class=\"x-text-typing\"><\/span>&nbsp;<\/h2><\/div><\/div><\/div><\/div><div class=\"x-col e69-e7 m1x-11 m1x-13 m1x-14\"><span class=\"x-image e69-e8 m1x-1m m1x-1n m1x-5 m1x-6 x-effect-exit\" data-x-effect=\"{&quot;scroll&quot;:true,&quot;offsetTop&quot;:&quot;10%&quot;,&quot;offsetBottom&quot;:&quot;10%&quot;,&quot;behaviorScroll&quot;:&quot;fire-once&quot;}\"><img decoding=\"async\" src=\"https:\/\/surfershome.ch\/wp-content\/uploads\/2026\/04\/lodge.webp\" width=\"675\" height=\"675\" alt=\"Lodge\"><\/span><\/div><\/div><\/div><\/div><\/div><div class=\"x-section e69-e9 m1x-0 m1x-2 m1x-3\"><div class=\"x-row x-container max width e69-e10 m1x-p m1x-q m1x-s m1x-t m1x-v m1x-x\"><div class=\"x-row-inner\"><div class=\"x-col e69-e11 m1x-11 m1x-12\"><div class=\"x-div e69-e12 m1x-9 m1x-a m1x-b m1x-c m1x-e m1x-f\" data-x-slide-context=\"\"><div class=\"x-div e69-e13 m1x-9 m1x-a m1x-c m1x-d m1x-g m1x-h\"><div class=\"x-slide-container-viewport is-loading e69-e14 m1x-1p\" data-x-slide-container=\"{&quot;keyboardNavigation&quot;:true,&quot;snap&quot;:true,&quot;wrapAround&quot;:true,&quot;int&quot;:&quot;drag off&quot;,&quot;direction&quot;:&quot;forward&quot;,&quot;startingSlide&quot;:1}\"><div class=\"x-slide-container-content\"><div class=\"x-slide-container is-inline is-paged\"><div class=\"x-slide e69-e15 m1x-1q\" data-x-slide=\"\"><span class=\"x-image e69-e16 m1x-1m m1x-1o\"><img decoding=\"async\" src=\"https:\/\/surfershome.ch\/wp-content\/uploads\/2025\/11\/ferienwohnung-bei-interlaken-am-see-mit-pool-surfershome-01.webp\" width=\"1200\" height=\"675\" alt=\"Placeholder Image\"><\/span><\/div><div class=\"x-slide e69-e17 m1x-1q\" data-x-slide=\"\"><span class=\"x-image e69-e18 m1x-1m m1x-1o\"><img decoding=\"async\" src=\"https:\/\/surfershome.ch\/wp-content\/uploads\/2025\/11\/ferienwohnung-bei-interlaken-am-see-mit-pool-surfershome-012.jpg\" width=\"750\" height=\"500\" alt=\"Placeholder Image\"><\/span><\/div><div class=\"x-slide e69-e19 m1x-1q\" data-x-slide=\"\"><span class=\"x-image e69-e20 m1x-1m m1x-1o\"><img decoding=\"async\" src=\"https:\/\/surfershome.ch\/wp-content\/uploads\/2025\/11\/ferienwohnung-bei-interlaken-am-see-mit-pool-surfershome-004.jpg\" width=\"750\" height=\"500\" alt=\"Placeholder Image\"><\/span><\/div><\/div><\/div><\/div><div class=\"x-div e69-e21 m1x-9 m1x-c m1x-f m1x-g m1x-i m1x-j m1x-k m1x-l m1x-7\"><a class=\"x-div e69-e22 m1x-9 m1x-a m1x-b m1x-c m1x-d m1x-i m1x-l m1x-m m1x-n\" href=\"#prev\" data-x-effect-provider=\"colors particles effects\" data-x-slide-prev=\"\"><i class=\"x-icon e69-e23 m1x-1r m1x-1s\" aria-hidden=\"true\" data-x-icon-o=\"&#xf104;\"><\/i><\/a><a class=\"x-div e69-e24 m1x-9 m1x-a m1x-b m1x-c m1x-d m1x-i m1x-l m1x-m m1x-n\" href=\"#next\" data-x-effect-provider=\"colors particles effects\" data-x-slide-next=\"\"><i class=\"x-icon e69-e25 m1x-1r m1x-1t\" aria-hidden=\"true\" data-x-icon-o=\"&#xf105;\"><\/i><\/a><\/div><\/div><ul class=\"x-slide-pagination is-row e69-e26 m1x-1u\" data-x-slide-pagination=\"\"><\/ul><\/div><\/div><div class=\"x-col e69-e27 m1x-11 m1x-12 m1x-15 m1x-16 m1x-17\"><div class=\"x-text x-text-headline e69-e28 m1x-1a m1x-1b m1x-1c m1x-1d m1x-1e m1x-1g\"><div class=\"x-text-content\"><div class=\"x-text-content-text\">\n<h3 class=\"x-text-content-text-primary\">Top-Etage mit Seeblick<\/h3><\/div><\/div><\/div><div class=\"x-text x-content e69-e29 m1x-1v\"><p class=\"p1\"><img decoding=\"async\" class=\"emoji\" role=\"img\" draggable=\"false\" src=\"https:\/\/s.w.org\/images\/core\/emoji\/17.0.2\/svg\/1f468-200d-1f469-200d-1f467-200d-1f466.svg\" alt=\"\ud83d\udc68\u200d\ud83d\udc69\u200d\ud83d\udc67\u200d\ud83d\udc66\" \/>\u00a0f\u00fcr bis zu 4 Personen<\/p>\n<p class=\"p1\"><span class=\"s1\"><img decoding=\"async\" class=\"emoji\" role=\"img\" draggable=\"false\" src=\"https:\/\/s.w.org\/images\/core\/emoji\/17.0.2\/svg\/1f304.svg\" alt=\"\ud83c\udf04\" \/> Balkon mit See- &amp; Bergblick<br \/>\n<img decoding=\"async\" class=\"emoji\" role=\"img\" draggable=\"false\" src=\"https:\/\/s.w.org\/images\/core\/emoji\/17.0.2\/svg\/1f6cb.svg\" alt=\"\ud83d\udecb\ufe0f\" \/> <\/span>Viel Platz &amp; gem\u00fctliche Atmosph\u00e4re<br \/>\n<span class=\"s1\"><img decoding=\"async\" class=\"emoji\" role=\"img\" draggable=\"false\" src=\"https:\/\/s.w.org\/images\/core\/emoji\/17.0.2\/svg\/1f697.svg\" alt=\"\ud83d\ude97\" \/> <\/span>Privater Parkplatz direkt beim Haus<br \/>\n<span class=\"s1\"><img decoding=\"async\" class=\"emoji\" role=\"img\" draggable=\"false\" src=\"https:\/\/s.w.org\/images\/core\/emoji\/17.0.2\/svg\/1f68c.svg\" alt=\"\ud83d\ude8c\" \/> <\/span>Bushaltestelle nur 350 m entfernt<br \/>\n<span class=\"s1\"><img decoding=\"async\" class=\"emoji\" role=\"img\" draggable=\"false\" src=\"https:\/\/s.w.org\/images\/core\/emoji\/17.0.2\/svg\/1f3ca.svg\" alt=\"\ud83c\udfca\" \/> <\/span>Sommer: Pool &amp; Seezugang direkt am Haus<\/p><\/div><a class=\"x-anchor x-anchor-button has-graphic e69-e30 m1x-1w m1x-1x m1x-8\" tabindex=\"0\" href=\"https:\/\/surfershome.guestybookings.com\/en\/properties\/68983a5b24704b001a1123c1?minOccupancy=1\" target=\"_blank\" rel=\"noopener noreferrer\" data-x-effect=\"{&quot;durationBase&quot;:&quot;300ms&quot;}\"><div class=\"x-anchor-content\"><span class=\"x-graphic\" aria-hidden=\"true\"><i class=\"x-icon x-graphic-child x-graphic-icon x-graphic-primary\" aria-hidden=\"true\" data-x-icon-o=\"&#xf061;\"><\/i><\/span><div class=\"x-anchor-text\"><span class=\"x-anchor-text-primary\">Verf&uuml;gbarkeit pr&uuml;fen<\/span><\/div><\/div><\/a><\/div><\/div><\/div><\/div><div class=\"x-section e69-e31 m1x-0 m1x-2 m1x-4\"><div class=\"x-row x-container max width e69-e32 m1x-p m1x-q m1x-s m1x-t m1x-v m1x-y\"><div class=\"x-row-inner\"><div class=\"x-col e69-e33 m1x-11 m1x-12 m1x-15 m1x-16 m1x-17\"><div class=\"x-text x-text-headline e69-e34 m1x-1a m1x-1b m1x-1c m1x-1d m1x-1e m1x-1g\"><div class=\"x-text-content\"><div class=\"x-text-content-text\">\n<h3 class=\"x-text-content-text-primary\">Einfach ankommen & wohlf\u00fchlen\u2026<\/h3><\/div><\/div><\/div><div class=\"x-text x-content e69-e35 m1x-1v\"><p class=\"p1\">Die <span class=\"s1\"><b>Surfers Lodge<\/b><\/span> liegt nur wenige Minuten von Interlaken entfernt am Thunersee und bietet dir viel Licht, Raum und eine entspannte Atmosph\u00e4re in der obersten Etage.<\/p>\n<p class=\"p1\">Ob als Paar, Familie oder kleine Gruppe \u2013 hier findest du den idealen Ort f\u00fcr eine erholsame Auszeit oder aktive Tage in der Jungfrauregion.<\/p><\/div><div class=\"x-text x-text-headline e69-e36 m1x-1a m1x-1b m1x-1c m1x-1d m1x-1e m1x-1g\"><div class=\"x-text-content\"><div class=\"x-text-content-text\">\n<h3 class=\"x-text-content-text-primary\">\u2026zu jeder Jahreszeit<\/h3><\/div><\/div><\/div><div class=\"x-text x-content e69-e37 m1x-1v\"><p class=\"p1\"><span class=\"s1\">\u2600\ufe0f <\/span><b>Sommer<\/b><b><\/b><\/p>\n<p class=\"p2\">Baden im Thunersee, Pool direkt vor der T\u00fcr und Ausfl\u00fcge nach Interlaken, Lauterbrunnen und Grindelwald.<\/p>\n<p class=\"p1\"><span class=\"s1\">\u2744\ufe0f <\/span><b>Winter<\/b><b><\/b><\/p>\n<p class=\"p2\">Skigebiete, Winterwanderungen und gem\u00fctliche Abende \u2013 alles gut erreichbar.<\/p><\/div><\/div><div class=\"x-col e69-e38 m1x-11 m1x-14 m1x-15 m1x-18 m1x-6 x-effect-exit\" data-x-effect=\"{&quot;scroll&quot;:true,&quot;offsetTop&quot;:&quot;10%&quot;,&quot;offsetBottom&quot;:&quot;10%&quot;,&quot;behaviorScroll&quot;:&quot;fire-once&quot;}\"><div class=\"x-bg\" aria-hidden=\"true\"><div class=\"x-bg-layer-lower-image\" data-x-element-bg-layer=\"{&quot;parallaxSize&quot;:&quot;111%&quot;,&quot;parallaxDir&quot;:&quot;v&quot;,&quot;parallaxRev&quot;:false}\"><\/div><div class=\"x-bg-layer-upper-color\"><\/div><\/div><div class=\"x-div e69-e39 m1x-9 m1x-a m1x-b m1x-d m1x-i m1x-k m1x-m m1x-o\"><div class=\"x-row e69-e40 m1x-p m1x-s m1x-u m1x-z\"><div class=\"x-row-inner\"><div class=\"x-col e69-e41 m1x-11 m1x-12\"><div class=\"x-text x-text-headline e69-e42 m1x-1a m1x-1b m1x-1c m1x-1d m1x-1e m1x-1g\"><div class=\"x-text-content\"><div class=\"x-text-content-text\">\n<h3 class=\"x-text-content-text-primary\">Das erwartet dich<\/h3><\/div><\/div><\/div><div class=\"x-text x-content e69-e43 m1x-1v\"><p class=\"p1\">\ud83c\udf04 Balkon mit See- &amp; Bergblick<br \/>\n\ud83d\udecf\ufe0f Schlafzimmer mit Doppelbett<br \/>\n\ud83d\udecb\ufe0f Schlafsofa f\u00fcr 1\u20132 Personen<br \/>\n\ud83c\udf73 K\u00fcchenzeile \u2013 ausgestattet &amp; bereit<\/p><\/div><div class=\"x-text x-text-headline e69-e44 m1x-1a m1x-1b m1x-1c m1x-1d m1x-1e m1x-1g\"><div class=\"x-text-content\"><div class=\"x-text-content-text\">\n<h3 class=\"x-text-content-text-primary\">Deine Vorteile \u2728<\/h3><\/div><\/div><\/div><\/div><\/div><\/div><div class=\"x-text x-text-headline has-graphic e69-e46 m1x-1c m1x-1d m1x-1h m1x-1j m1x-1k\"><div class=\"x-text-content\"><span class=\"x-graphic\" aria-hidden=\"true\"><i class=\"x-icon x-graphic-child x-graphic-icon x-graphic-primary\" aria-hidden=\"true\" data-x-icon-o=\"&#xf00c;\"><\/i><\/span><div class=\"x-text-content-text\"><p class=\"x-text-content-text-primary\">Check-in ab 16:00 Uhr \u2013 flexibel per Self Check-in<\/p>\n<\/div><\/div><\/div><div class=\"x-text x-text-headline has-graphic e69-e47 m1x-1c m1x-1d m1x-1h m1x-1j m1x-1k\"><div class=\"x-text-content\"><span class=\"x-graphic\" aria-hidden=\"true\"><i class=\"x-icon x-graphic-child x-graphic-icon x-graphic-primary\" aria-hidden=\"true\" data-x-icon-o=\"&#xf00c;\"><\/i><\/span><div class=\"x-text-content-text\"><p class=\"x-text-content-text-primary\">Zeitunabh\u00e4ngige Anreise<\/p>\n<\/div><\/div><\/div><div class=\"x-text x-text-headline has-graphic e69-e48 m1x-1c m1x-1d m1x-1h m1x-1j m1x-1k\"><div class=\"x-text-content\"><span class=\"x-graphic\" aria-hidden=\"true\"><i class=\"x-icon x-graphic-child x-graphic-icon x-graphic-primary\" aria-hidden=\"true\" data-x-icon-o=\"&#xf00c;\"><\/i><\/span><div class=\"x-text-content-text\"><p class=\"x-text-content-text-primary\">Kostenloser Parkplatz direkt beim Haus<\/p>\n<\/div><\/div><\/div><div class=\"x-text x-text-headline has-graphic e69-e49 m1x-1c m1x-1d m1x-1h m1x-1j m1x-1k\"><div class=\"x-text-content\"><span class=\"x-graphic\" aria-hidden=\"true\"><i class=\"x-icon x-graphic-child x-graphic-icon x-graphic-primary\" aria-hidden=\"true\" data-x-icon-o=\"&#xf00c;\"><\/i><\/span><div class=\"x-text-content-text\"><p class=\"x-text-content-text-primary\">Frische Handt&uuml;cher &amp; Bettw&auml;sche inklusive<\/p>\n<\/div><\/div><\/div><div class=\"x-text x-text-headline has-graphic e69-e50 m1x-1c m1x-1d m1x-1h m1x-1j m1x-1k\"><div class=\"x-text-content\"><span class=\"x-graphic\" aria-hidden=\"true\"><i class=\"x-icon x-graphic-child x-graphic-icon x-graphic-primary\" aria-hidden=\"true\" data-x-icon-o=\"&#xf00c;\"><\/i><\/span><div class=\"x-text-content-text\"><p class=\"x-text-content-text-primary\">Bester Preis bei direkter Buchung<\/p>\n<\/div><\/div><\/div><a class=\"x-anchor x-anchor-button has-graphic e69-e51 m1x-1x m1x-1y m1x-8\" tabindex=\"0\" href=\"https:\/\/surfershome.guestybookings.com\/en\/properties\/68983a5b24704b001a1123c1?minOccupancy=1\" target=\"_blank\" rel=\"noopener noreferrer\" data-x-effect=\"{&quot;durationBase&quot;:&quot;300ms&quot;}\"><div class=\"x-anchor-content\"><span class=\"x-graphic\" aria-hidden=\"true\"><i class=\"x-icon x-graphic-child x-graphic-icon x-graphic-primary\" aria-hidden=\"true\" data-x-icon-o=\"&#xf061;\"><\/i><\/span><div class=\"x-anchor-text\"><span class=\"x-anchor-text-primary\">Jetzt buchen<\/span><\/div><\/div><\/a><\/div><\/div><\/div><\/div><\/div><div class=\"x-section e69-e52 m1x-0 m1x-2 m1x-3\"><div class=\"x-row x-container max width e69-e53 m1x-p m1x-q m1x-s m1x-t m1x-v m1x-10\"><div class=\"x-row-inner\"><div class=\"x-col e69-e54 m1x-11 m1x-12 m1x-15 m1x-17 m1x-19\"><div class=\"x-text x-text-headline e69-e55 m1x-1a m1x-1c m1x-1d m1x-1e m1x-1k m1x-1l\"><div class=\"x-text-content\"><div class=\"x-text-content-text\">\n<h3 class=\"x-text-content-text-primary\">Pool gleich neben dem Eingang<\/h3><\/div><\/div><\/div><div class=\"x-frame x-frame-video-embed e69-e56 m1x-1z m1x-20\"><div class=\"x-frame-inner\"><div class=\"x-video x-video-embed\"><iframe width=\"560\" height=\"315\" src=\"https:\/\/www.youtube.com\/embed\/ODm9-ZGz-d8?si=S53NsUZFH5SkXPzE\" title=\"YouTube video player\" frameborder=\"0\" allow=\"accelerometer; autoplay; clipboard-write; encrypted-media; gyroscope; picture-in-picture; web-share\" referrerpolicy=\"strict-origin-when-cross-origin\" allowfullscreen><\/iframe><\/div><\/div><\/div><\/div><div class=\"x-col e69-e57 m1x-11 m1x-12 m1x-15 m1x-16 m1x-17\"><div class=\"x-text x-text-headline e69-e58 m1x-1a m1x-1c m1x-1d m1x-1e m1x-1k m1x-1l\"><div class=\"x-text-content\"><div class=\"x-text-content-text\">\n<h3 class=\"x-text-content-text-primary\">Room-Tour<\/h3><\/div><\/div><\/div><div class=\"x-frame x-frame-video-embed e69-e59 m1x-1z m1x-20\"><div class=\"x-frame-inner\"><div class=\"x-video x-video-embed\"><iframe width=\"560\" height=\"315\" src=\"https:\/\/www.youtube.com\/embed\/P1d8v7tAtuA?si=VcAv0jLmiav5dQft\" title=\"YouTube video player\" frameborder=\"0\" allow=\"accelerometer; autoplay; clipboard-write; encrypted-media; gyroscope; picture-in-picture; web-share\" referrerpolicy=\"strict-origin-when-cross-origin\" allowfullscreen><\/iframe><\/div><\/div><\/div><\/div><\/div><\/div><\/div><\/div>","protected":false},"excerpt":{"rendered":"<p>Surfers Lodge &nbsp; Top-Etage mit Seeblick\u00a0f\u00fcr bis zu 4 Personen Balkon mit See- &amp; Bergblick Viel Platz &amp; gem\u00fctliche Atmosph\u00e4re Privater Parkplatz direkt beim Haus Bushaltestelle nur 350 m entfernt Sommer: Pool &amp; Seezugang direkt am HausVerf&uuml;gbarkeit pr&uuml;fen Einfach ankommen &#038; wohlf\u00fchlen\u2026Die Surfers Lodge liegt nur wenige Minuten von Interlaken entfernt am Thunersee und bietet dir viel Licht, Raum und &#8230; <\/p>\n<div><a href=\"https:\/\/surfershome.ch\/de\/lodge\/\" class=\"more-link\">Read More<\/a><\/div>\n","protected":false},"author":3,"featured_media":0,"parent":0,"menu_order":0,"comment_status":"closed","ping_status":"closed","template":"template-blank-4.php","meta":{"iawp_total_views":82,"footnotes":""},"class_list":["post-69","page","type-page","status-publish","hentry","no-post-thumbnail"],"_links":{"self":[{"href":"https:\/\/surfershome.ch\/de\/wp-json\/wp\/v2\/pages\/69","targetHints":{"allow":["GET"]}}],"collection":[{"href":"https:\/\/surfershome.ch\/de\/wp-json\/wp\/v2\/pages"}],"about":[{"href":"https:\/\/surfershome.ch\/de\/wp-json\/wp\/v2\/types\/page"}],"author":[{"embeddable":true,"href":"https:\/\/surfershome.ch\/de\/wp-json\/wp\/v2\/users\/3"}],"replies":[{"embeddable":true,"href":"https:\/\/surfershome.ch\/de\/wp-json\/wp\/v2\/comments?post=69"}],"version-history":[{"count":0,"href":"https:\/\/surfershome.ch\/de\/wp-json\/wp\/v2\/pages\/69\/revisions"}],"wp:attachment":[{"href":"https:\/\/surfershome.ch\/de\/wp-json\/wp\/v2\/media?parent=69"}],"curies":[{"name":"wp","href":"https:\/\/api.w.org\/{rel}","templated":true}]}}